{"id":7,"date":"2014-10-15T12:59:47","date_gmt":"2014-10-15T12:59:47","guid":{"rendered":"http:\/\/demo.proteusthemes.com\/buildpress\/?page_id=7"},"modified":"2023-10-07T12:46:12","modified_gmt":"2023-10-07T10:46:12","slug":"front-page","status":"publish","type":"page","link":"https:\/\/structuralcad.ro\/","title":{"rendered":"Acasa"},"content":{"rendered":"<div id=\"pl-7\"  class=\"panel-layout\" ><div id=\"pg-7-0\"  class=\"panel-grid panel-has-style\" ><div class=\"siteorigin-panels-stretch panel-row-style panel-row-style-for-7-0\" data-stretch-type=\"full\" ><div id=\"pgc-7-0-0\"  class=\"panel-grid-cell\" ><div id=\"panel-7-0-0-0\" class=\"so-panel widget widget_pt_banner widget-banner panel-first-child panel-last-child\" data-index=\"0\" >\t\t\t\t<div class=\"banner__text\">\n\t\t\t\t\tProiectare pentru constructii;   Certificate performanta energetica; Studii Nzeb; Studii SAER;  Expertize \u015fi audit energetic; \t\t\t\t<\/div>\n\t\t\t\t<div class=\"banner__buttons\">\n\t\t\t\t\t<a class=\"btn  btn-primary\" href=\"\/?page_id=29\" target=\"_self\">Cerere oferta<\/a>   <a class=\"btn  btn-default\" href=\"?page_id=173\" target=\"_self\">Portofoliu<\/a>\t\t\t\t<\/div>\n\t\t\t<\/div><\/div><\/div><\/div><div id=\"pg-7-1\"  class=\"panel-grid panel-has-style\" ><div class=\"siteorigin-panels-stretch panel-row-style panel-row-style-for-7-1\" data-stretch-type=\"full\" ><div id=\"pgc-7-1-0\"  class=\"panel-grid-cell\" ><div id=\"panel-7-1-0-0\" class=\"so-panel widget widget_ess-grid-widget widget_ess_grid panel-first-child panel-last-child\" data-index=\"1\" ><\/div><\/div><\/div><\/div><div id=\"pg-7-2\"  class=\"panel-grid panel-no-style\" ><div id=\"pgc-7-2-0\"  class=\"panel-grid-cell\" ><div id=\"panel-7-2-0-0\" class=\"so-panel widget widget_text panel-first-child\" data-index=\"2\" >\t\t\t<div class=\"textwidget\"><\/div>\n\t\t<\/div><div id=\"panel-7-2-0-1\" class=\"so-panel widget widget_black-studio-tinymce widget_black_studio_tinymce panel-last-child\" data-index=\"3\" ><h3 class=\"widget-title\">Servicii Oferite<\/h3><div class=\"textwidget\"><div id=\"malwarebytes-root\" style=\"position: fixed; inset: 0px 0px auto; z-index: 2147483647; width: 100%;\" tabindex=\"-1\"><\/div>\n<h5><span style=\"color: #fcc71f;\"><br \/>\n<span class=\"icon-container\"><span class=\"fa fa-check\"><\/span><\/span><\/span> <span style=\"color: #333333;\">Proiectare \u015fi urbanism<\/span><\/h5>\n<p><strong>STRUCTURAL CAD<\/strong> lucreaz\u0103 \u00eempreun\u0103 cu tine! Noi \u00ee\u0163i ascult\u0103m dorin\u0163ele \u015fi apoi le punem \u00een practic\u0103. Pentru PROIECTAREA CONSTRUC\u0162IILOR, venim cu mai multe solu\u0163ii \u015fi reu\u015fim s\u0103 ne \u00eencadr\u0103m \u00een limitele impuse fie financiar fie\u00a0de spa\u0163iu. Pentru a solu\u0163iona cererile clien\u0163ilor no\u015ftri, oferim servicii complementare de urbanism (P.U.D, P.U.Z.) \u015fi facem toate studiile necesare pentru a \u00eencepe o construc\u0163ie.<\/p>\n<h5><span style=\"color: #fcc71f;\"><br \/>\n<span class=\"icon-container\"><span class=\"fa fa-check\"><\/span><\/span><\/span> Consultanta \u015fi Servicii Tehnice Construc\u0163ii<\/h5>\n<p><strong>STRUCTURAL CAD<\/strong> poate furniza toate serviciile de care ai nevoie pentru o construc\u0163ie. Facem studii de prefezabilitate \u015fi fezabilitate \u015fi elabor\u0103m documenta\u0163ie complet\u0103 pentru ob\u0163inerea de fonduri \u015fi finan\u0163\u0103ri. \u00ce\u0163i oferim consultan\u0163\u0103 atunci c\u00e2nd dore\u015fti s\u0103 cumperi un teren sau o construc\u0163ie existent\u0103, dar \u015fi consultan\u0163\u0103 legat\u0103 de sisteme constructive \u015fi materiale de construc\u0163ii. Firma\u00a0Structural Cad, asigur\u0103 DIRIGINTE DE \u015eANTIER (cat. B,C,D,), RESPONSABIL TEHNIC CU EXECU\u0162IA - ATESTAT, AUDITOR ENERGETIC gradul I, C+I<\/p>\n<h5><span style=\"color: #fcc71f;\"><br \/>\n<span class=\"icon-container\"><span class=\"fa fa-check\"><\/span><\/span><\/span>\u00a0Expertize \u015fi audit energetic<\/h5>\n<p>Clien\u0163ii nostri \u00een\u0163eleg importan\u0163a consult\u0103rii unui specialist, c\u00e2nd vine vorba de ECONOMIA DE ENERGIE.<\/p>\n<p>Firma noastr\u0103 are ca principal punct de activitate eficientizarea energiei termice \u0219i energetice a imobilelor. \u00cen acest sens, v\u0103 punem la dispozi\u0163ie urm\u0103toarele servicii:<\/p>\n<ul>\n<li>eliberare CERTIFICATE PERFORMANTA ENERGETICA - conform MC001\/2022<\/li>\n<li>elaborare STUDII Nzeb (cl\u0103dire cu un consum de energie \u201eaproape zero\u201d)<\/li>\n<li>elaborare studii SAER (studiu sisteme alternative)<\/li>\n<li>audit energetic pentru construc\u0163ii \u015fi instala\u0163ii;<\/li>\n<li>certificare energetic\u0103<\/li>\n<li>consultan\u0163\u0103 energetic\u0103.<\/li>\n<\/ul>\n<p>Pe l\u00e2ng\u0103 serviciile oferite, suntem preocupa\u0163i de informarea cet\u0103\u0163enilor \u00een privin\u0163a beneficiilor aduse de reducerea consumului de energie \u015fi de certificarea locuin\u0163elor, promov\u00e2nd solutii moderne pentru reabilitarea termic\u0103 \u015fi energetic\u0103.<\/p>\n<\/div><\/div><\/div><div id=\"pgc-7-2-1\"  class=\"panel-grid-cell\" ><div id=\"panel-7-2-1-0\" class=\"so-panel widget widget_text panel-first-child\" data-index=\"4\" >\t\t\t<div class=\"textwidget\"><\/div>\n\t\t<\/div><div id=\"panel-7-2-1-1\" class=\"so-panel widget widget_black-studio-tinymce widget_black_studio_tinymce panel-last-child\" data-index=\"5\" ><h3 class=\"widget-title\">Cine suntem?<\/h3><div class=\"textwidget\"><p><a href=\"http:\/\/structuralcad.ro\/wp-content\/uploads\/2018\/11\/11.jpg\"><img loading=\"lazy\" decoding=\"async\" class=\"alignnone size-medium wp-image-3464\" src=\"http:\/\/structuralcad.ro\/wp-content\/uploads\/2018\/11\/11-211x300.jpg\" alt=\"\" width=\"211\" height=\"300\" srcset=\"https:\/\/structuralcad.ro\/wp-content\/uploads\/2018\/11\/11-211x300.jpg 211w, https:\/\/structuralcad.ro\/wp-content\/uploads\/2018\/11\/11-768x1092.jpg 768w, https:\/\/structuralcad.ro\/wp-content\/uploads\/2018\/11\/11-720x1024.jpg 720w, https:\/\/structuralcad.ro\/wp-content\/uploads\/2018\/11\/11-390x555.jpg 390w\" sizes=\"auto, (max-width: 211px) 100vw, 211px\" \/><\/a> <a href=\"http:\/\/structuralcad.ro\/wp-content\/uploads\/2018\/11\/22.jpg\"><img loading=\"lazy\" decoding=\"async\" class=\"alignnone size-medium wp-image-3465\" src=\"http:\/\/structuralcad.ro\/wp-content\/uploads\/2018\/11\/22-211x300.jpg\" alt=\"\" width=\"211\" height=\"300\" srcset=\"https:\/\/structuralcad.ro\/wp-content\/uploads\/2018\/11\/22-211x300.jpg 211w, https:\/\/structuralcad.ro\/wp-content\/uploads\/2018\/11\/22-768x1092.jpg 768w, https:\/\/structuralcad.ro\/wp-content\/uploads\/2018\/11\/22-720x1024.jpg 720w, https:\/\/structuralcad.ro\/wp-content\/uploads\/2018\/11\/22-390x555.jpg 390w\" sizes=\"auto, (max-width: 211px) 100vw, 211px\" \/><\/a><br \/>\n\u00cencep\u00e2nd cu anul 2006, firma Structural CAD ofer\u0103 servicii de proiecte arhitectur\u0103 \u015fi rezisten\u0163\u0103, de \u00a0la locuin\u0163e, cl\u0103diri de birouri, etc - p\u00e2n\u0103 la construc\u021biile industriale.<\/p>\n<p>Cum lucr\u0103m? \u00cen primul r\u00e2nd facem ceea\u00a0\u00a0ce ni se solicit\u0103,\u00a0cu o atentie deosebit\u0103 pentru client. Vrem s\u0103 te cunoa\u015ftem, s\u0103 \u015ftim cum tr\u0103iesti, care sunt \u00a0nevoile \u015fi obiceiurile tale. Astfel, putem s\u0103-\u021bi oferim ceea ce \u0163i se potriveste.<\/p>\n<p>Stim s\u0103 te ascult\u0103m \u015fi lucr\u0103m \u00eempreun\u0103 cu tine ca s\u0103 g\u0103sim solutia perfect\u0103. Firma STRUCTURAL CAD respecta \u00een primul r\u00e2nd CLIENTUL, respect\u00e2nd dorin\u021bele acestuia.<\/p>\n<\/div><\/div><\/div><\/div><div id=\"pg-7-3\"  class=\"panel-grid panel-has-style\" ><div class=\"siteorigin-panels-stretch panel-row-style panel-row-style-for-7-3\" data-stretch-type=\"full\" ><div id=\"pgc-7-3-0\"  class=\"panel-grid-cell\" ><div id=\"panel-7-3-0-0\" class=\"so-panel widget widget_text panel-first-child panel-last-child\" data-index=\"6\" ><h3 class=\"widget-title\">CERTIFIC\u0102RI<\/h3>\t\t\t<div class=\"textwidget\"><\/div>\n\t\t<\/div><\/div><\/div><\/div><div id=\"pg-7-4\"  class=\"panel-grid panel-no-style\" ><div id=\"pgc-7-4-0\"  class=\"panel-grid-cell\" ><div id=\"panel-7-4-0-0\" class=\"so-panel widget widget_sow-image panel-first-child panel-last-child\" data-index=\"7\" ><div\n\t\t\t\n\t\t\tclass=\"so-widget-sow-image so-widget-sow-image-default-8b5b6f678277-7\"\n\t\t\t\n\t\t>\n<div class=\"sow-image-container\">\n\t\t<img \n\tsrc=\"https:\/\/structuralcad.ro\/wp-content\/uploads\/2014\/10\/baner.fw_1.png\" width=\"1000\" height=\"100\" srcset=\"https:\/\/structuralcad.ro\/wp-content\/uploads\/2014\/10\/baner.fw_1.png 1000w, https:\/\/structuralcad.ro\/wp-content\/uploads\/2014\/10\/baner.fw_1-300x30.png 300w, https:\/\/structuralcad.ro\/wp-content\/uploads\/2014\/10\/baner.fw_1-555x56.png 555w\" sizes=\"(max-width: 1000px) 100vw, 1000px\" title=\"baner.fw_\" alt=\"\" \t\tclass=\"so-widget-image\"\/>\n\t<\/div>\n\n<\/div><\/div><\/div><\/div><\/div>","protected":false},"excerpt":{"rendered":"<p>Proiectare pentru constructii; Certificate performanta energetica; Studii Nzeb; Studii SAER; Expertize \u015fi audit energetic; Cerere oferta Portofoliu Servicii Oferite Proiectare \u015fi urbanism STRUCTURAL CAD lucreaz\u0103 \u00eempreun\u0103 cu tine! Noi \u00ee\u0163i ascult\u0103m dorin\u0163ele \u015fi apoi le punem \u00een practic\u0103. Pentru PROIECTAREA CONSTRUC\u0162IILOR, venim cu mai multe solu\u0163ii \u015fi reu\u015fim s\u0103 ne \u00eencadr\u0103m \u00een limitele impuse fie &hellip;<\/p>\n","protected":false},"author":1,"featured_media":0,"parent":0,"menu_order":0,"comment_status":"closed","ping_status":"closed","template":"template-front-page-slider.php","meta":{"two_page_speed":[],"footnotes":""},"class_list":["post-7","page","type-page","status-publish","hentry"],"yoast_head":"<!-- This site is optimized with the Yoast SEO plugin v27.6 - https:\/\/yoast.com\/product\/yoast-seo-wordpress\/ -->\n<title>Acasa - Proiectare Constructii Civile - Expertize si audit energetic<\/title>\n<meta name=\"robots\" content=\"index, follow, max-snippet:-1, max-image-preview:large, max-video-preview:-1\" \/>\n<link rel=\"canonical\" href=\"https:\/\/structuralcad.ro\/\" \/>\n<meta property=\"og:locale\" content=\"ro_RO\" \/>\n<meta property=\"og:type\" content=\"article\" \/>\n<meta property=\"og:title\" content=\"Acasa - Proiectare Constructii Civile - Expertize si audit energetic\" \/>\n<meta property=\"og:description\" content=\"Proiectare pentru constructii; Certificate performanta energetica; Studii Nzeb; Studii SAER; Expertize \u015fi audit energetic; Cerere oferta Portofoliu Servicii Oferite Proiectare \u015fi urbanism STRUCTURAL CAD lucreaz\u0103 \u00eempreun\u0103 cu tine! Noi \u00ee\u0163i ascult\u0103m dorin\u0163ele \u015fi apoi le punem \u00een practic\u0103. Pentru PROIECTAREA CONSTRUC\u0162IILOR, venim cu mai multe solu\u0163ii \u015fi reu\u015fim s\u0103 ne \u00eencadr\u0103m \u00een limitele impuse fie &hellip;\" \/>\n<meta property=\"og:url\" content=\"https:\/\/structuralcad.ro\/\" \/>\n<meta property=\"og:site_name\" content=\"Proiectare Constructii Civile - Expertize si audit energetic\" \/>\n<meta property=\"article:modified_time\" content=\"2023-10-07T10:46:12+00:00\" \/>\n<meta property=\"og:image\" content=\"http:\/\/structuralcad.ro\/wp-content\/uploads\/2018\/11\/11-211x300.jpg\" \/>\n<meta name=\"twitter:card\" content=\"summary_large_image\" \/>\n<meta name=\"twitter:label1\" content=\"Timp estimat pentru citire\" \/>\n\t<meta name=\"twitter:data1\" content=\"2 minute\" \/>\n<script type=\"application\/ld+json\" class=\"yoast-schema-graph\">{\"@context\":\"https:\\\/\\\/schema.org\",\"@graph\":[{\"@type\":\"WebPage\",\"@id\":\"https:\\\/\\\/structuralcad.ro\\\/\",\"url\":\"https:\\\/\\\/structuralcad.ro\\\/\",\"name\":\"Acasa - Proiectare Constructii Civile - Expertize si audit energetic\",\"isPartOf\":{\"@id\":\"https:\\\/\\\/structuralcad.ro\\\/#website\"},\"primaryImageOfPage\":{\"@id\":\"https:\\\/\\\/structuralcad.ro\\\/#primaryimage\"},\"image\":{\"@id\":\"https:\\\/\\\/structuralcad.ro\\\/#primaryimage\"},\"thumbnailUrl\":\"http:\\\/\\\/structuralcad.ro\\\/wp-content\\\/uploads\\\/2018\\\/11\\\/11-211x300.jpg\",\"datePublished\":\"2014-10-15T12:59:47+00:00\",\"dateModified\":\"2023-10-07T10:46:12+00:00\",\"breadcrumb\":{\"@id\":\"https:\\\/\\\/structuralcad.ro\\\/#breadcrumb\"},\"inLanguage\":\"ro-RO\",\"potentialAction\":[{\"@type\":\"ReadAction\",\"target\":[\"https:\\\/\\\/structuralcad.ro\\\/\"]}]},{\"@type\":\"ImageObject\",\"inLanguage\":\"ro-RO\",\"@id\":\"https:\\\/\\\/structuralcad.ro\\\/#primaryimage\",\"url\":\"https:\\\/\\\/structuralcad.ro\\\/wp-content\\\/uploads\\\/2018\\\/11\\\/11.jpg\",\"contentUrl\":\"https:\\\/\\\/structuralcad.ro\\\/wp-content\\\/uploads\\\/2018\\\/11\\\/11.jpg\",\"width\":4865,\"height\":6920},{\"@type\":\"BreadcrumbList\",\"@id\":\"https:\\\/\\\/structuralcad.ro\\\/#breadcrumb\",\"itemListElement\":[{\"@type\":\"ListItem\",\"position\":1,\"name\":\"Prima pagin\u0103\",\"item\":\"https:\\\/\\\/structuralcad.ro\\\/\"},{\"@type\":\"ListItem\",\"position\":2,\"name\":\"Acasa\"}]},{\"@type\":\"WebSite\",\"@id\":\"https:\\\/\\\/structuralcad.ro\\\/#website\",\"url\":\"https:\\\/\\\/structuralcad.ro\\\/\",\"name\":\"STRUCTURAL CAD\",\"description\":\"Proiectare Constructii Civile - Expertize si audit energetic\",\"publisher\":{\"@id\":\"https:\\\/\\\/structuralcad.ro\\\/#organization\"},\"potentialAction\":[{\"@type\":\"SearchAction\",\"target\":{\"@type\":\"EntryPoint\",\"urlTemplate\":\"https:\\\/\\\/structuralcad.ro\\\/?s={search_term_string}\"},\"query-input\":{\"@type\":\"PropertyValueSpecification\",\"valueRequired\":true,\"valueName\":\"search_term_string\"}}],\"inLanguage\":\"ro-RO\"},{\"@type\":\"Organization\",\"@id\":\"https:\\\/\\\/structuralcad.ro\\\/#organization\",\"name\":\"Proiectare Constructii Civile - Certificate performanta energetica; Expertize si audit energetic\",\"url\":\"https:\\\/\\\/structuralcad.ro\\\/\",\"logo\":{\"@type\":\"ImageObject\",\"inLanguage\":\"ro-RO\",\"@id\":\"https:\\\/\\\/structuralcad.ro\\\/#\\\/schema\\\/logo\\\/image\\\/\",\"url\":\"https:\\\/\\\/structuralcad.ro\\\/wp-content\\\/uploads\\\/2015\\\/02\\\/STRUCTURAL-CAD.jpg\",\"contentUrl\":\"https:\\\/\\\/structuralcad.ro\\\/wp-content\\\/uploads\\\/2015\\\/02\\\/STRUCTURAL-CAD.jpg\",\"width\":172,\"height\":116,\"caption\":\"Proiectare Constructii Civile - Certificate performanta energetica; Expertize si audit energetic\"},\"image\":{\"@id\":\"https:\\\/\\\/structuralcad.ro\\\/#\\\/schema\\\/logo\\\/image\\\/\"}}]}<\/script>\n<!-- \/ Yoast SEO plugin. -->","yoast_head_json":{"title":"Acasa - Proiectare Constructii Civile - Expertize si audit energetic","robots":{"index":"index","follow":"follow","max-snippet":"max-snippet:-1","max-image-preview":"max-image-preview:large","max-video-preview":"max-video-preview:-1"},"canonical":"https:\/\/structuralcad.ro\/","og_locale":"ro_RO","og_type":"article","og_title":"Acasa - Proiectare Constructii Civile - Expertize si audit energetic","og_description":"Proiectare pentru constructii; Certificate performanta energetica; Studii Nzeb; Studii SAER; Expertize \u015fi audit energetic; Cerere oferta Portofoliu Servicii Oferite Proiectare \u015fi urbanism STRUCTURAL CAD lucreaz\u0103 \u00eempreun\u0103 cu tine! Noi \u00ee\u0163i ascult\u0103m dorin\u0163ele \u015fi apoi le punem \u00een practic\u0103. Pentru PROIECTAREA CONSTRUC\u0162IILOR, venim cu mai multe solu\u0163ii \u015fi reu\u015fim s\u0103 ne \u00eencadr\u0103m \u00een limitele impuse fie &hellip;","og_url":"https:\/\/structuralcad.ro\/","og_site_name":"Proiectare Constructii Civile - Expertize si audit energetic","article_modified_time":"2023-10-07T10:46:12+00:00","og_image":[{"url":"http:\/\/structuralcad.ro\/wp-content\/uploads\/2018\/11\/11-211x300.jpg","type":"","width":"","height":""}],"twitter_card":"summary_large_image","twitter_misc":{"Timp estimat pentru citire":"2 minute"},"schema":{"@context":"https:\/\/schema.org","@graph":[{"@type":"WebPage","@id":"https:\/\/structuralcad.ro\/","url":"https:\/\/structuralcad.ro\/","name":"Acasa - Proiectare Constructii Civile - Expertize si audit energetic","isPartOf":{"@id":"https:\/\/structuralcad.ro\/#website"},"primaryImageOfPage":{"@id":"https:\/\/structuralcad.ro\/#primaryimage"},"image":{"@id":"https:\/\/structuralcad.ro\/#primaryimage"},"thumbnailUrl":"http:\/\/structuralcad.ro\/wp-content\/uploads\/2018\/11\/11-211x300.jpg","datePublished":"2014-10-15T12:59:47+00:00","dateModified":"2023-10-07T10:46:12+00:00","breadcrumb":{"@id":"https:\/\/structuralcad.ro\/#breadcrumb"},"inLanguage":"ro-RO","potentialAction":[{"@type":"ReadAction","target":["https:\/\/structuralcad.ro\/"]}]},{"@type":"ImageObject","inLanguage":"ro-RO","@id":"https:\/\/structuralcad.ro\/#primaryimage","url":"https:\/\/structuralcad.ro\/wp-content\/uploads\/2018\/11\/11.jpg","contentUrl":"https:\/\/structuralcad.ro\/wp-content\/uploads\/2018\/11\/11.jpg","width":4865,"height":6920},{"@type":"BreadcrumbList","@id":"https:\/\/structuralcad.ro\/#breadcrumb","itemListElement":[{"@type":"ListItem","position":1,"name":"Prima pagin\u0103","item":"https:\/\/structuralcad.ro\/"},{"@type":"ListItem","position":2,"name":"Acasa"}]},{"@type":"WebSite","@id":"https:\/\/structuralcad.ro\/#website","url":"https:\/\/structuralcad.ro\/","name":"STRUCTURAL CAD","description":"Proiectare Constructii Civile - Expertize si audit energetic","publisher":{"@id":"https:\/\/structuralcad.ro\/#organization"},"potentialAction":[{"@type":"SearchAction","target":{"@type":"EntryPoint","urlTemplate":"https:\/\/structuralcad.ro\/?s={search_term_string}"},"query-input":{"@type":"PropertyValueSpecification","valueRequired":true,"valueName":"search_term_string"}}],"inLanguage":"ro-RO"},{"@type":"Organization","@id":"https:\/\/structuralcad.ro\/#organization","name":"Proiectare Constructii Civile - Certificate performanta energetica; Expertize si audit energetic","url":"https:\/\/structuralcad.ro\/","logo":{"@type":"ImageObject","inLanguage":"ro-RO","@id":"https:\/\/structuralcad.ro\/#\/schema\/logo\/image\/","url":"https:\/\/structuralcad.ro\/wp-content\/uploads\/2015\/02\/STRUCTURAL-CAD.jpg","contentUrl":"https:\/\/structuralcad.ro\/wp-content\/uploads\/2015\/02\/STRUCTURAL-CAD.jpg","width":172,"height":116,"caption":"Proiectare Constructii Civile - Certificate performanta energetica; Expertize si audit energetic"},"image":{"@id":"https:\/\/structuralcad.ro\/#\/schema\/logo\/image\/"}}]}},"_links":{"self":[{"href":"https:\/\/structuralcad.ro\/index.php?rest_route=\/wp\/v2\/pages\/7","targetHints":{"allow":["GET"]}}],"collection":[{"href":"https:\/\/structuralcad.ro\/index.php?rest_route=\/wp\/v2\/pages"}],"about":[{"href":"https:\/\/structuralcad.ro\/index.php?rest_route=\/wp\/v2\/types\/page"}],"author":[{"embeddable":true,"href":"https:\/\/structuralcad.ro\/index.php?rest_route=\/wp\/v2\/users\/1"}],"replies":[{"embeddable":true,"href":"https:\/\/structuralcad.ro\/index.php?rest_route=%2Fwp%2Fv2%2Fcomments&post=7"}],"version-history":[{"count":82,"href":"https:\/\/structuralcad.ro\/index.php?rest_route=\/wp\/v2\/pages\/7\/revisions"}],"predecessor-version":[{"id":3596,"href":"https:\/\/structuralcad.ro\/index.php?rest_route=\/wp\/v2\/pages\/7\/revisions\/3596"}],"wp:attachment":[{"href":"https:\/\/structuralcad.ro\/index.php?rest_route=%2Fwp%2Fv2%2Fmedia&parent=7"}],"curies":[{"name":"wp","href":"https:\/\/api.w.org\/{rel}","templated":true}]}}