{"id":49,"date":"2014-10-23T08:32:31","date_gmt":"2014-10-23T08:32:31","guid":{"rendered":"http:\/\/demo.proteusthemes.com\/buildpress\/?page_id=49"},"modified":"2023-10-07T12:12:17","modified_gmt":"2023-10-07T10:12:17","slug":"our-services","status":"publish","type":"page","link":"http:\/\/structuralcad.ro\/?page_id=49","title":{"rendered":"Servicii Oferite"},"content":{"rendered":"<div id=\"pl-49\"  class=\"panel-layout\" ><div id=\"pg-49-0\"  class=\"panel-grid panel-no-style\" ><div id=\"pgc-49-0-0\"  class=\"panel-grid-cell\" ><div id=\"panel-49-0-0-0\" class=\"so-panel widget widget_black-studio-tinymce widget_black_studio_tinymce panel-first-child\" data-index=\"0\" ><div class=\"textwidget\"><p><strong>\u00a0 \u00a0 \u00a0 \u00a0FIRMA STRUCTURAL CAD<\/strong> AGREMENTATA ISO 9001\/2015\/SRAC, <strong>EXECUT\u0102<\/strong>:<\/p>\n<ul>\n<li>PROIECTARE 3D CONSTRUCTII CIVILE, INDUSTRIALE SI AGRICOLE.<\/li>\n<li>PROIECTARE STRUCTURI METALICE<\/li>\n<li>PROIECTARE REABILIT\u0102RI TERMICE<\/li>\n<li>EXPERTIZE SI AUDIT ENERGETIC<\/li>\n<li>ELIBERARE CERTIFICAT PERFORMANTA ENERGETICA.- conform MC 001\/2022<\/li>\n<li>ELIBERARE STUDII Nzeb<\/li>\n<li>ELIBERARE STUDII SAER<\/li>\n<li>STUDII FEZABILITATE SI DEVIZE CONSTRUCTII<\/li>\n<li>STUDII \u00ceNSORIRE<\/li>\n<\/ul>\n<ul>\n<li><strong>SERVICII TEHNICE CONSTRUC\u0162II:<\/strong><\/li>\n<li>EXPERTIZE SI VERIFICARI TEHNICE<\/li>\n<li>\u00ceNTOCMIRE \u015eI OBTINERE AVIZE<\/li>\n<li>STUDII GEOLOGICE, RIDICARI TOPOGRAFICE<\/li>\n<li>SUPRAVEGHERE LUCR\u0102RI PE \u015eANTIER<\/li>\n<\/ul>\n<ul>\n<li><strong>FIRMA ASIGUR\u0102<\/strong><\/li>\n<li>RESPONSABIL TEHNIC CU EXECUTIA ATESTAT.<\/li>\n<li>DIRIGINTE SANTIER cat. imp. B.C.D.<\/li>\n<li>AUDITOR ENERGETIC C+I gr.I.<\/li>\n<\/ul>\n<\/div><\/div><div id=\"panel-49-0-0-1\" class=\"so-panel widget widget_black-studio-tinymce widget_black_studio_tinymce panel-last-child\" data-index=\"1\" ><div class=\"textwidget\"><p><strong> AUDITOR ENERGETIC<\/strong> construc\u0163ii + instala\u0163ii, \u00a0gradul I<\/p>\n<ul>\n<li>EFECTUARE EXPERTIZE \u015eI AUDIT ENERGETIC<\/li>\n<li>ELIBERARE CERTIFICAT PERFORMANTA ENERGETICA.- conform MC 001\/2022<\/li>\n<li>ELIBERARE STUDII Nzeb<\/li>\n<li>ELIBERARE STIDII SAER<\/li>\n<\/ul>\n<\/div><\/div><\/div><div id=\"pgc-49-0-1\"  class=\"panel-grid-cell\" ><div id=\"panel-49-0-1-0\" class=\"so-panel widget widget_black-studio-tinymce widget_black_studio_tinymce panel-first-child\" data-index=\"2\" ><div class=\"textwidget\"><p><a href=\"http:\/\/structuralcad.ro\/wp-content\/uploads\/2014\/10\/download-1.jpg\"><img loading=\"lazy\" decoding=\"async\" class=\"alignnone  wp-image-2443\" src=\"http:\/\/structuralcad.ro\/wp-content\/uploads\/2014\/10\/download-1.jpg\" alt=\"download (1)\" width=\"364\" height=\"283\" \/><\/a><\/p>\n<\/div><\/div><div id=\"panel-49-0-1-1\" class=\"so-panel widget widget_black-studio-tinymce widget_black_studio_tinymce panel-last-child\" data-index=\"3\" ><div class=\"textwidget\"><p><a href=\"http:\/\/structuralcad.ro\/wp-content\/uploads\/2014\/10\/images-1.jpg\"><img loading=\"lazy\" decoding=\"async\" class=\"alignnone  wp-image-2444\" src=\"http:\/\/structuralcad.ro\/wp-content\/uploads\/2014\/10\/images-1.jpg\" alt=\"images (1)\" width=\"351\" height=\"356\" \/><\/a><\/p>\n<\/div><\/div><\/div><\/div><div id=\"pg-49-1\"  class=\"panel-grid panel-no-style\" ><div id=\"pgc-49-1-0\"  class=\"panel-grid-cell panel-grid-cell-empty panel-grid-cell-mobile-last\" ><\/div><div id=\"pgc-49-1-1\"  class=\"panel-grid-cell panel-grid-cell-empty\" ><\/div><\/div><\/div>","protected":false},"excerpt":{"rendered":"<p>\u00a0 \u00a0 \u00a0 \u00a0FIRMA STRUCTURAL CAD AGREMENTATA ISO 9001\/2015\/SRAC, EXECUT\u0102: PROIECTARE 3D CONSTRUCTII CIVILE, INDUSTRIALE SI AGRICOLE. PROIECTARE STRUCTURI METALICE PROIECTARE REABILIT\u0102RI TERMICE EXPERTIZE SI AUDIT ENERGETIC ELIBERARE CERTIFICAT PERFORMANTA ENERGETICA.- conform MC 001\/2022 ELIBERARE STUDII Nzeb ELIBERARE STUDII SAER STUDII FEZABILITATE SI DEVIZE CONSTRUCTII STUDII \u00ceNSORIRE SERVICII TEHNICE CONSTRUC\u0162II: EXPERTIZE SI VERIFICARI TEHNICE \u00ceNTOCMIRE &hellip;<\/p>\n","protected":false},"author":1,"featured_media":0,"parent":0,"menu_order":0,"comment_status":"closed","ping_status":"open","template":"","meta":{"two_page_speed":[],"footnotes":""},"class_list":["post-49","page","type-page","status-publish","hentry"],"yoast_head":"<!-- This site is optimized with the Yoast SEO plugin v21.3 - https:\/\/yoast.com\/wordpress\/plugins\/seo\/ -->\n<title>Servicii Oferite - Proiectare Constructii Civile - Expertize si audit energetic<\/title>\n<meta name=\"robots\" content=\"index, follow, max-snippet:-1, max-image-preview:large, max-video-preview:-1\" \/>\n<link rel=\"canonical\" href=\"http:\/\/structuralcad.ro\/?page_id=49\" \/>\n<meta property=\"og:locale\" content=\"ro_RO\" \/>\n<meta property=\"og:type\" content=\"article\" \/>\n<meta property=\"og:title\" content=\"Servicii Oferite - Proiectare Constructii Civile - Expertize si audit energetic\" \/>\n<meta property=\"og:description\" content=\"\u00a0 \u00a0 \u00a0 \u00a0FIRMA STRUCTURAL CAD AGREMENTATA ISO 9001\/2015\/SRAC, EXECUT\u0102: PROIECTARE 3D CONSTRUCTII CIVILE, INDUSTRIALE SI AGRICOLE. PROIECTARE STRUCTURI METALICE PROIECTARE REABILIT\u0102RI TERMICE EXPERTIZE SI AUDIT ENERGETIC ELIBERARE CERTIFICAT PERFORMANTA ENERGETICA.- conform MC 001\/2022 ELIBERARE STUDII Nzeb ELIBERARE STUDII SAER STUDII FEZABILITATE SI DEVIZE CONSTRUCTII STUDII \u00ceNSORIRE SERVICII TEHNICE CONSTRUC\u0162II: EXPERTIZE SI VERIFICARI TEHNICE \u00ceNTOCMIRE &hellip;\" \/>\n<meta property=\"og:url\" content=\"http:\/\/structuralcad.ro\/?page_id=49\" \/>\n<meta property=\"og:site_name\" content=\"Proiectare Constructii Civile - Expertize si audit energetic\" \/>\n<meta property=\"article:modified_time\" content=\"2023-10-07T10:12:17+00:00\" \/>\n<meta property=\"og:image\" content=\"http:\/\/structuralcad.ro\/wp-content\/uploads\/2014\/10\/download-1.jpg\" \/>\n<meta name=\"twitter:card\" content=\"summary_large_image\" \/>\n<meta name=\"twitter:label1\" content=\"Timp estimat pentru citire\" \/>\n\t<meta name=\"twitter:data1\" content=\"1 minut\" \/>\n<script type=\"application\/ld+json\" class=\"yoast-schema-graph\">{\"@context\":\"https:\/\/schema.org\",\"@graph\":[{\"@type\":\"WebPage\",\"@id\":\"http:\/\/structuralcad.ro\/?page_id=49\",\"url\":\"http:\/\/structuralcad.ro\/?page_id=49\",\"name\":\"Servicii Oferite - Proiectare Constructii Civile - Expertize si audit energetic\",\"isPartOf\":{\"@id\":\"https:\/\/structuralcad.ro\/#website\"},\"datePublished\":\"2014-10-23T08:32:31+00:00\",\"dateModified\":\"2023-10-07T10:12:17+00:00\",\"breadcrumb\":{\"@id\":\"http:\/\/structuralcad.ro\/?page_id=49#breadcrumb\"},\"inLanguage\":\"ro-RO\",\"potentialAction\":[{\"@type\":\"ReadAction\",\"target\":[\"http:\/\/structuralcad.ro\/?page_id=49\"]}]},{\"@type\":\"BreadcrumbList\",\"@id\":\"http:\/\/structuralcad.ro\/?page_id=49#breadcrumb\",\"itemListElement\":[{\"@type\":\"ListItem\",\"position\":1,\"name\":\"Prima pagin\u0103\",\"item\":\"https:\/\/structuralcad.ro\/\"},{\"@type\":\"ListItem\",\"position\":2,\"name\":\"Servicii Oferite\"}]},{\"@type\":\"WebSite\",\"@id\":\"https:\/\/structuralcad.ro\/#website\",\"url\":\"https:\/\/structuralcad.ro\/\",\"name\":\"STRUCTURAL CAD\",\"description\":\"Proiectare Constructii Civile - Expertize si audit energetic\",\"publisher\":{\"@id\":\"https:\/\/structuralcad.ro\/#organization\"},\"potentialAction\":[{\"@type\":\"SearchAction\",\"target\":{\"@type\":\"EntryPoint\",\"urlTemplate\":\"https:\/\/structuralcad.ro\/?s={search_term_string}\"},\"query-input\":\"required name=search_term_string\"}],\"inLanguage\":\"ro-RO\"},{\"@type\":\"Organization\",\"@id\":\"https:\/\/structuralcad.ro\/#organization\",\"name\":\"Proiectare Constructii Civile - Certificate performanta energetica; Expertize si audit energetic\",\"url\":\"https:\/\/structuralcad.ro\/\",\"logo\":{\"@type\":\"ImageObject\",\"inLanguage\":\"ro-RO\",\"@id\":\"https:\/\/structuralcad.ro\/#\/schema\/logo\/image\/\",\"url\":\"https:\/\/structuralcad.ro\/wp-content\/uploads\/2015\/02\/STRUCTURAL-CAD.jpg\",\"contentUrl\":\"https:\/\/structuralcad.ro\/wp-content\/uploads\/2015\/02\/STRUCTURAL-CAD.jpg\",\"width\":172,\"height\":116,\"caption\":\"Proiectare Constructii Civile - Certificate performanta energetica; Expertize si audit energetic\"},\"image\":{\"@id\":\"https:\/\/structuralcad.ro\/#\/schema\/logo\/image\/\"}}]}<\/script>\n<!-- \/ Yoast SEO plugin. -->","yoast_head_json":{"title":"Servicii Oferite - Proiectare Constructii Civile - Expertize si audit energetic","robots":{"index":"index","follow":"follow","max-snippet":"max-snippet:-1","max-image-preview":"max-image-preview:large","max-video-preview":"max-video-preview:-1"},"canonical":"http:\/\/structuralcad.ro\/?page_id=49","og_locale":"ro_RO","og_type":"article","og_title":"Servicii Oferite - Proiectare Constructii Civile - Expertize si audit energetic","og_description":"\u00a0 \u00a0 \u00a0 \u00a0FIRMA STRUCTURAL CAD AGREMENTATA ISO 9001\/2015\/SRAC, EXECUT\u0102: PROIECTARE 3D CONSTRUCTII CIVILE, INDUSTRIALE SI AGRICOLE. PROIECTARE STRUCTURI METALICE PROIECTARE REABILIT\u0102RI TERMICE EXPERTIZE SI AUDIT ENERGETIC ELIBERARE CERTIFICAT PERFORMANTA ENERGETICA.- conform MC 001\/2022 ELIBERARE STUDII Nzeb ELIBERARE STUDII SAER STUDII FEZABILITATE SI DEVIZE CONSTRUCTII STUDII \u00ceNSORIRE SERVICII TEHNICE CONSTRUC\u0162II: EXPERTIZE SI VERIFICARI TEHNICE \u00ceNTOCMIRE &hellip;","og_url":"http:\/\/structuralcad.ro\/?page_id=49","og_site_name":"Proiectare Constructii Civile - Expertize si audit energetic","article_modified_time":"2023-10-07T10:12:17+00:00","og_image":[{"url":"http:\/\/structuralcad.ro\/wp-content\/uploads\/2014\/10\/download-1.jpg"}],"twitter_card":"summary_large_image","twitter_misc":{"Timp estimat pentru citire":"1 minut"},"schema":{"@context":"https:\/\/schema.org","@graph":[{"@type":"WebPage","@id":"http:\/\/structuralcad.ro\/?page_id=49","url":"http:\/\/structuralcad.ro\/?page_id=49","name":"Servicii Oferite - Proiectare Constructii Civile - Expertize si audit energetic","isPartOf":{"@id":"https:\/\/structuralcad.ro\/#website"},"datePublished":"2014-10-23T08:32:31+00:00","dateModified":"2023-10-07T10:12:17+00:00","breadcrumb":{"@id":"http:\/\/structuralcad.ro\/?page_id=49#breadcrumb"},"inLanguage":"ro-RO","potentialAction":[{"@type":"ReadAction","target":["http:\/\/structuralcad.ro\/?page_id=49"]}]},{"@type":"BreadcrumbList","@id":"http:\/\/structuralcad.ro\/?page_id=49#breadcrumb","itemListElement":[{"@type":"ListItem","position":1,"name":"Prima pagin\u0103","item":"https:\/\/structuralcad.ro\/"},{"@type":"ListItem","position":2,"name":"Servicii Oferite"}]},{"@type":"WebSite","@id":"https:\/\/structuralcad.ro\/#website","url":"https:\/\/structuralcad.ro\/","name":"STRUCTURAL CAD","description":"Proiectare Constructii Civile - Expertize si audit energetic","publisher":{"@id":"https:\/\/structuralcad.ro\/#organization"},"potentialAction":[{"@type":"SearchAction","target":{"@type":"EntryPoint","urlTemplate":"https:\/\/structuralcad.ro\/?s={search_term_string}"},"query-input":"required name=search_term_string"}],"inLanguage":"ro-RO"},{"@type":"Organization","@id":"https:\/\/structuralcad.ro\/#organization","name":"Proiectare Constructii Civile - Certificate performanta energetica; Expertize si audit energetic","url":"https:\/\/structuralcad.ro\/","logo":{"@type":"ImageObject","inLanguage":"ro-RO","@id":"https:\/\/structuralcad.ro\/#\/schema\/logo\/image\/","url":"https:\/\/structuralcad.ro\/wp-content\/uploads\/2015\/02\/STRUCTURAL-CAD.jpg","contentUrl":"https:\/\/structuralcad.ro\/wp-content\/uploads\/2015\/02\/STRUCTURAL-CAD.jpg","width":172,"height":116,"caption":"Proiectare Constructii Civile - Certificate performanta energetica; Expertize si audit energetic"},"image":{"@id":"https:\/\/structuralcad.ro\/#\/schema\/logo\/image\/"}}]}},"_links":{"self":[{"href":"http:\/\/structuralcad.ro\/index.php?rest_route=\/wp\/v2\/pages\/49","targetHints":{"allow":["GET"]}}],"collection":[{"href":"http:\/\/structuralcad.ro\/index.php?rest_route=\/wp\/v2\/pages"}],"about":[{"href":"http:\/\/structuralcad.ro\/index.php?rest_route=\/wp\/v2\/types\/page"}],"author":[{"embeddable":true,"href":"http:\/\/structuralcad.ro\/index.php?rest_route=\/wp\/v2\/users\/1"}],"replies":[{"embeddable":true,"href":"http:\/\/structuralcad.ro\/index.php?rest_route=%2Fwp%2Fv2%2Fcomments&post=49"}],"version-history":[{"count":27,"href":"http:\/\/structuralcad.ro\/index.php?rest_route=\/wp\/v2\/pages\/49\/revisions"}],"predecessor-version":[{"id":3568,"href":"http:\/\/structuralcad.ro\/index.php?rest_route=\/wp\/v2\/pages\/49\/revisions\/3568"}],"wp:attachment":[{"href":"http:\/\/structuralcad.ro\/index.php?rest_route=%2Fwp%2Fv2%2Fmedia&parent=49"}],"curies":[{"name":"wp","href":"https:\/\/api.w.org\/{rel}","templated":true}]}}