{"id":3361,"date":"2015-02-23T10:08:15","date_gmt":"2015-02-23T10:08:15","guid":{"rendered":"http:\/\/structuralcad.ro\/?page_id=3361"},"modified":"2023-10-07T11:17:01","modified_gmt":"2023-10-07T09:17:01","slug":"audit-energetic-certificate-performanta-energetica","status":"publish","type":"page","link":"http:\/\/structuralcad.ro\/?page_id=3361","title":{"rendered":"STUDII Nzeb; STUDII SAER; CERTIFICATE PERFORMAN\u0162\u0102 ENERGETIC\u0102 (conform MC001\/2022); AUDIT ENERGETIC"},"content":{"rendered":"<p><a href=\"http:\/\/structuralcad.ro\/wp-content\/uploads\/2015\/01\/images-2.jpg\"><img loading=\"lazy\" decoding=\"async\" class=\"alignleft wp-image-2441 size-medium\" title=\"padding-left: 10px\" src=\"http:\/\/structuralcad.ro\/wp-content\/uploads\/2015\/01\/images-2-300x167.jpg\" alt=\"images (2)\" width=\"300\" height=\"167\" srcset=\"http:\/\/structuralcad.ro\/wp-content\/uploads\/2015\/01\/images-2-300x167.jpg 300w, http:\/\/structuralcad.ro\/wp-content\/uploads\/2015\/01\/images-2.jpg 301w\" sizes=\"auto, (max-width: 300px) 100vw, 300px\" \/><\/a><\/p>\n<p style=\"text-align: justify;\">Pentru primul pas, proprietarul trebuie sa gaseasca un auditor energetic care poate fi persoana juridica sau persoana independenta. Rolul auditorului energetic este de a face expertiza tehnica a cladirii si de a intocmi un raport de expertiza energetica a cladirii.<br \/>\nPentru realizarea unui audit energetic urmat de un raport de audit \u015fi Certificatul de Performanta Energetica pentru cladirea auditata, beneficiarul trebuie sa ofere auditorului toate documentele necesare raportului de audit. Documentele necesare auditorului sunt cele mentionate mai jos si daca nu are documente privind construc\u0163ia cladirii sa permit\u0103 auditorului sa efectueze la fa\u0163a locului masuratori, inclusiv relevee:<\/p>\n<p style=\"text-align: justify;\">Din cartea tehnica a construc\u0163iei se cer:<\/p>\n<p style=\"text-align: justify;\">1. Planuri amplasament cl\u0103dire; planuri structur\u0103 cl\u0103dire; planuri \u015fi descriere instala\u0163ii \u00een cl\u0103direa construit\u0103;<\/p>\n<p style=\"text-align: justify;\">2. Date tehnice despre materiale de construc\u0163ii folosite, date tehnice despre echipamentele de instala\u0163ii de \u00eenc\u0103lzire, r\u0103cire-climatizare, ventila\u0163ie, furniz\u0103ri ap\u0103 cald\u0103 \u015fi ap\u0103 rece, etc.<\/p>\n<p style=\"text-align: justify;\">Pentru consumurile realizate de cl\u0103dire pentru cl\u0103dirile existente noi sau vechi se cer:<\/p>\n<p style=\"text-align: justify;\">1. Consumurile de energie electric\u0103 pe lun\u0103 timp de minim un an;<\/p>\n<p style=\"text-align: justify;\">2. Consumurile de gaz pe lun\u0103 timp de minim un an;<\/p>\n<p style=\"text-align: justify;\">3. Consumurile de ap\u0103 rece \u015fi ap\u0103 cald\u0103 pe lun\u0103 timp de minim un an;<\/p>\n<p style=\"text-align: justify;\">4. Consumurile privind canalizarea \u2013 de\u015feurile pe lun\u0103 timp de minim un an;<\/p>\n<p style=\"text-align: justify;\">Pentru consumurile ce vor fi realizate de cl\u0103direa nou\u0103 care se va construi se cer:<\/p>\n<p style=\"text-align: justify;\">1. Ce echipamente \u015fi materiale se vor folosi \u00een instala\u0163iile din cl\u0103dire; (se regasesc \u00een planurile DTAC&nbsp;\u015fi PTh ale construc\u0163iei \u00een baza c\u0103reia se prime\u015fte Autoriza\u0163ia de Construire a cl\u0103dirii \u015fi se execut\u0103 construc\u0163ia)<\/p>\n<p style=\"text-align: justify;\">2. Descrierea instala\u0163iilor de energie electric\u0103, de gaz, de furnizare ap\u0103-cald\u0103 , ap\u0103 \u2013rece \u015fi canalizare \u00een instala\u0163iile din cl\u0103dire; (se reg\u0103sesc \u00een planurile din DTAC&nbsp;\u015fi PTh ale construc\u0163iei \u00een baza c\u0103reia se prime\u015fte Autoriza\u0163ia de Construire a cl\u0103dirii \u015fi se execut\u0103 construc\u0163ia)<\/p>\n","protected":false},"excerpt":{"rendered":"<p>Pentru primul pas, proprietarul trebuie sa gaseasca un auditor energetic care poate fi persoana juridica sau persoana independenta. Rolul auditorului energetic este de a face expertiza tehnica a cladirii si de a intocmi un raport de expertiza energetica a cladirii. Pentru realizarea unui audit energetic urmat de un raport de audit \u015fi Certificatul de Performanta &hellip;<\/p>\n","protected":false},"author":1,"featured_media":0,"parent":0,"menu_order":0,"comment_status":"closed","ping_status":"closed","template":"","meta":{"two_page_speed":[],"footnotes":""},"class_list":["post-3361","page","type-page","status-publish","hentry"],"yoast_head":"<!-- This site is optimized with the Yoast SEO plugin v21.3 - https:\/\/yoast.com\/wordpress\/plugins\/seo\/ -->\n<title>STUDII Nzeb; STUDII SAER; CERTIFICATE PERFORMAN\u0162\u0102 ENERGETIC\u0102 (conform MC001\/2022); AUDIT ENERGETIC - Proiectare Constructii Civile - Expertize si audit energetic<\/title>\n<meta name=\"robots\" content=\"index, follow, max-snippet:-1, max-image-preview:large, max-video-preview:-1\" \/>\n<link rel=\"canonical\" href=\"http:\/\/structuralcad.ro\/?page_id=3361\" \/>\n<meta property=\"og:locale\" content=\"ro_RO\" \/>\n<meta property=\"og:type\" content=\"article\" \/>\n<meta property=\"og:title\" content=\"STUDII Nzeb; STUDII SAER; CERTIFICATE PERFORMAN\u0162\u0102 ENERGETIC\u0102 (conform MC001\/2022); AUDIT ENERGETIC - Proiectare Constructii Civile - Expertize si audit energetic\" \/>\n<meta property=\"og:description\" content=\"Pentru primul pas, proprietarul trebuie sa gaseasca un auditor energetic care poate fi persoana juridica sau persoana independenta. Rolul auditorului energetic este de a face expertiza tehnica a cladirii si de a intocmi un raport de expertiza energetica a cladirii. Pentru realizarea unui audit energetic urmat de un raport de audit \u015fi Certificatul de Performanta &hellip;\" \/>\n<meta property=\"og:url\" content=\"http:\/\/structuralcad.ro\/?page_id=3361\" \/>\n<meta property=\"og:site_name\" content=\"Proiectare Constructii Civile - Expertize si audit energetic\" \/>\n<meta property=\"article:modified_time\" content=\"2023-10-07T09:17:01+00:00\" \/>\n<meta property=\"og:image\" content=\"http:\/\/structuralcad.ro\/wp-content\/uploads\/2015\/01\/images-2-300x167.jpg\" \/>\n<meta name=\"twitter:card\" content=\"summary_large_image\" \/>\n<meta name=\"twitter:label1\" content=\"Timp estimat pentru citire\" \/>\n\t<meta name=\"twitter:data1\" content=\"2 minute\" \/>\n<script type=\"application\/ld+json\" class=\"yoast-schema-graph\">{\"@context\":\"https:\/\/schema.org\",\"@graph\":[{\"@type\":\"WebPage\",\"@id\":\"http:\/\/structuralcad.ro\/?page_id=3361\",\"url\":\"http:\/\/structuralcad.ro\/?page_id=3361\",\"name\":\"STUDII Nzeb; STUDII SAER; CERTIFICATE PERFORMAN\u0162\u0102 ENERGETIC\u0102 (conform MC001\/2022); AUDIT ENERGETIC - Proiectare Constructii Civile - Expertize si audit energetic\",\"isPartOf\":{\"@id\":\"https:\/\/structuralcad.ro\/#website\"},\"datePublished\":\"2015-02-23T10:08:15+00:00\",\"dateModified\":\"2023-10-07T09:17:01+00:00\",\"breadcrumb\":{\"@id\":\"http:\/\/structuralcad.ro\/?page_id=3361#breadcrumb\"},\"inLanguage\":\"ro-RO\",\"potentialAction\":[{\"@type\":\"ReadAction\",\"target\":[\"http:\/\/structuralcad.ro\/?page_id=3361\"]}]},{\"@type\":\"BreadcrumbList\",\"@id\":\"http:\/\/structuralcad.ro\/?page_id=3361#breadcrumb\",\"itemListElement\":[{\"@type\":\"ListItem\",\"position\":1,\"name\":\"Prima pagin\u0103\",\"item\":\"https:\/\/structuralcad.ro\/\"},{\"@type\":\"ListItem\",\"position\":2,\"name\":\"STUDII Nzeb; STUDII SAER; CERTIFICATE PERFORMAN\u0162\u0102 ENERGETIC\u0102 (conform MC001\/2022); AUDIT ENERGETIC\"}]},{\"@type\":\"WebSite\",\"@id\":\"https:\/\/structuralcad.ro\/#website\",\"url\":\"https:\/\/structuralcad.ro\/\",\"name\":\"STRUCTURAL CAD\",\"description\":\"Proiectare Constructii Civile - Expertize si audit energetic\",\"publisher\":{\"@id\":\"https:\/\/structuralcad.ro\/#organization\"},\"potentialAction\":[{\"@type\":\"SearchAction\",\"target\":{\"@type\":\"EntryPoint\",\"urlTemplate\":\"https:\/\/structuralcad.ro\/?s={search_term_string}\"},\"query-input\":\"required name=search_term_string\"}],\"inLanguage\":\"ro-RO\"},{\"@type\":\"Organization\",\"@id\":\"https:\/\/structuralcad.ro\/#organization\",\"name\":\"Proiectare Constructii Civile - Certificate performanta energetica; Expertize si audit energetic\",\"url\":\"https:\/\/structuralcad.ro\/\",\"logo\":{\"@type\":\"ImageObject\",\"inLanguage\":\"ro-RO\",\"@id\":\"https:\/\/structuralcad.ro\/#\/schema\/logo\/image\/\",\"url\":\"https:\/\/structuralcad.ro\/wp-content\/uploads\/2015\/02\/STRUCTURAL-CAD.jpg\",\"contentUrl\":\"https:\/\/structuralcad.ro\/wp-content\/uploads\/2015\/02\/STRUCTURAL-CAD.jpg\",\"width\":172,\"height\":116,\"caption\":\"Proiectare Constructii Civile - Certificate performanta energetica; Expertize si audit energetic\"},\"image\":{\"@id\":\"https:\/\/structuralcad.ro\/#\/schema\/logo\/image\/\"}}]}<\/script>\n<!-- \/ Yoast SEO plugin. -->","yoast_head_json":{"title":"STUDII Nzeb; STUDII SAER; CERTIFICATE PERFORMAN\u0162\u0102 ENERGETIC\u0102 (conform MC001\/2022); AUDIT ENERGETIC - Proiectare Constructii Civile - Expertize si audit energetic","robots":{"index":"index","follow":"follow","max-snippet":"max-snippet:-1","max-image-preview":"max-image-preview:large","max-video-preview":"max-video-preview:-1"},"canonical":"http:\/\/structuralcad.ro\/?page_id=3361","og_locale":"ro_RO","og_type":"article","og_title":"STUDII Nzeb; STUDII SAER; CERTIFICATE PERFORMAN\u0162\u0102 ENERGETIC\u0102 (conform MC001\/2022); AUDIT ENERGETIC - Proiectare Constructii Civile - Expertize si audit energetic","og_description":"Pentru primul pas, proprietarul trebuie sa gaseasca un auditor energetic care poate fi persoana juridica sau persoana independenta. Rolul auditorului energetic este de a face expertiza tehnica a cladirii si de a intocmi un raport de expertiza energetica a cladirii. Pentru realizarea unui audit energetic urmat de un raport de audit \u015fi Certificatul de Performanta &hellip;","og_url":"http:\/\/structuralcad.ro\/?page_id=3361","og_site_name":"Proiectare Constructii Civile - Expertize si audit energetic","article_modified_time":"2023-10-07T09:17:01+00:00","og_image":[{"url":"http:\/\/structuralcad.ro\/wp-content\/uploads\/2015\/01\/images-2-300x167.jpg"}],"twitter_card":"summary_large_image","twitter_misc":{"Timp estimat pentru citire":"2 minute"},"schema":{"@context":"https:\/\/schema.org","@graph":[{"@type":"WebPage","@id":"http:\/\/structuralcad.ro\/?page_id=3361","url":"http:\/\/structuralcad.ro\/?page_id=3361","name":"STUDII Nzeb; STUDII SAER; CERTIFICATE PERFORMAN\u0162\u0102 ENERGETIC\u0102 (conform MC001\/2022); AUDIT ENERGETIC - Proiectare Constructii Civile - Expertize si audit energetic","isPartOf":{"@id":"https:\/\/structuralcad.ro\/#website"},"datePublished":"2015-02-23T10:08:15+00:00","dateModified":"2023-10-07T09:17:01+00:00","breadcrumb":{"@id":"http:\/\/structuralcad.ro\/?page_id=3361#breadcrumb"},"inLanguage":"ro-RO","potentialAction":[{"@type":"ReadAction","target":["http:\/\/structuralcad.ro\/?page_id=3361"]}]},{"@type":"BreadcrumbList","@id":"http:\/\/structuralcad.ro\/?page_id=3361#breadcrumb","itemListElement":[{"@type":"ListItem","position":1,"name":"Prima pagin\u0103","item":"https:\/\/structuralcad.ro\/"},{"@type":"ListItem","position":2,"name":"STUDII Nzeb; STUDII SAER; CERTIFICATE PERFORMAN\u0162\u0102 ENERGETIC\u0102 (conform MC001\/2022); AUDIT ENERGETIC"}]},{"@type":"WebSite","@id":"https:\/\/structuralcad.ro\/#website","url":"https:\/\/structuralcad.ro\/","name":"STRUCTURAL CAD","description":"Proiectare Constructii Civile - Expertize si audit energetic","publisher":{"@id":"https:\/\/structuralcad.ro\/#organization"},"potentialAction":[{"@type":"SearchAction","target":{"@type":"EntryPoint","urlTemplate":"https:\/\/structuralcad.ro\/?s={search_term_string}"},"query-input":"required name=search_term_string"}],"inLanguage":"ro-RO"},{"@type":"Organization","@id":"https:\/\/structuralcad.ro\/#organization","name":"Proiectare Constructii Civile - Certificate performanta energetica; Expertize si audit energetic","url":"https:\/\/structuralcad.ro\/","logo":{"@type":"ImageObject","inLanguage":"ro-RO","@id":"https:\/\/structuralcad.ro\/#\/schema\/logo\/image\/","url":"https:\/\/structuralcad.ro\/wp-content\/uploads\/2015\/02\/STRUCTURAL-CAD.jpg","contentUrl":"https:\/\/structuralcad.ro\/wp-content\/uploads\/2015\/02\/STRUCTURAL-CAD.jpg","width":172,"height":116,"caption":"Proiectare Constructii Civile - Certificate performanta energetica; Expertize si audit energetic"},"image":{"@id":"https:\/\/structuralcad.ro\/#\/schema\/logo\/image\/"}}]}},"_links":{"self":[{"href":"http:\/\/structuralcad.ro\/index.php?rest_route=\/wp\/v2\/pages\/3361","targetHints":{"allow":["GET"]}}],"collection":[{"href":"http:\/\/structuralcad.ro\/index.php?rest_route=\/wp\/v2\/pages"}],"about":[{"href":"http:\/\/structuralcad.ro\/index.php?rest_route=\/wp\/v2\/types\/page"}],"author":[{"embeddable":true,"href":"http:\/\/structuralcad.ro\/index.php?rest_route=\/wp\/v2\/users\/1"}],"replies":[{"embeddable":true,"href":"http:\/\/structuralcad.ro\/index.php?rest_route=%2Fwp%2Fv2%2Fcomments&post=3361"}],"version-history":[{"count":7,"href":"http:\/\/structuralcad.ro\/index.php?rest_route=\/wp\/v2\/pages\/3361\/revisions"}],"predecessor-version":[{"id":3563,"href":"http:\/\/structuralcad.ro\/index.php?rest_route=\/wp\/v2\/pages\/3361\/revisions\/3563"}],"wp:attachment":[{"href":"http:\/\/structuralcad.ro\/index.php?rest_route=%2Fwp%2Fv2%2Fmedia&parent=3361"}],"curies":[{"name":"wp","href":"https:\/\/api.w.org\/{rel}","templated":true}]}}