{"id":2328,"date":"2015-02-03T15:41:38","date_gmt":"2015-02-03T15:41:38","guid":{"rendered":"http:\/\/pixelmarketing.ro\/demo\/structuralcad\/?page_id=2328"},"modified":"2023-10-07T11:52:05","modified_gmt":"2023-10-07T09:52:05","slug":"expertize-si-audit-energetic","status":"publish","type":"page","link":"http:\/\/structuralcad.ro\/?page_id=2328","title":{"rendered":"Expertize si audit energetic; Certificate de performan\u0163\u0103 energetic\u0103; Studii Nzeb; Studii SAER"},"content":{"rendered":"<p><a href=\"http:\/\/structuralcad.ro\/wp-content\/uploads\/2015\/02\/images-5.jpg\"><img loading=\"lazy\" decoding=\"async\" class=\"alignnone  wp-image-2403\" src=\"http:\/\/structuralcad.ro\/wp-content\/uploads\/2015\/02\/images-5.jpg\" alt=\"images (5)\" width=\"282\" height=\"193\" \/><\/a><\/p>\n<p style=\"text-align: justify;\">Mai \u00eenainte de a lua orice decizie \u00een sensul ini\u0163ierii unor demersuri privind ob\u0163inerea unui certificat de perfoman\u0163\u0103 energetic\u0103 sau a unui proiect de reabilitare termic\u0103, verifica\u0163i validitatea informa\u0163iilor \u00eempreun\u0103 cu un specialist, un auditor energetic atestat!<\/p>\n<p style=\"text-align: justify;\"><strong>ing. SCUTARU DOREL,<\/strong> auditor energetic pentru cl\u0103diri, grad profesional I, specialitatea constructii si instalatii, certificat de atestare seria UA nr. 01395 &#8211; eliberat de Ministerul Dezvolt\u0103rii Regionale \u015fi Turismului.<\/p>\n<p style=\"text-align: justify;\">Competen\u0163e:<br \/>\nA) elaborarea certificatelor de performan\u0163\u0103 energetica pentru cladiri noi sau existente, din toate categoriile:<br \/>\na) locuinte unifamiliale;<br \/>\nb) blocuri de locuinte;<br \/>\nc) birouri;<br \/>\nd) cladiri de \u00eenvatamant;<br \/>\ne) spitale;<br \/>\nf) hoteluri si restaurante;<br \/>\ng) sali de sport;<br \/>\nh) cladiri pentru servicii de comert;<br \/>\ni) alte tipuri de cladiri consumatoare de energie.<br \/>\nB) realizarea auditului energetic pentru toate categoriile de cl\u0103diri existente, care se reabiliteaz\u0103 termic.<\/p>\n<p style=\"text-align: justify;\"><strong>Prevederi legislative (Legea 372\/2005, Norme de aplicare a legii nr. 372\/2005)<\/strong><br \/>\nScopul legislatiei privind performanta energetica a cladirilor este diminuarea consumurilor energetice totale ale cladirilor, tinandu-se cont de conditiile climatice exterioare si de amplasament, de cerintele de temperatura interioara si de eficienta economica.<br \/>\nCertificatul este un document tehnic cu caracter informativ care atest\u0103 performan\u0163a energetic\u0103 a cl\u0103dirii, precum \u015fi \u00eencadrarea acesteia \u00eentr-o clas\u0103 de performan\u0163\u0103 energetic\u0103. El se elaboreaz\u0103 prin grija investitorului\/proprietarului \u015fi se p\u0103streaz\u0103 la cartea tehnic\u0103 a construc\u0163iei. \u00cen lipsa c\u0103r\u0163ii tehnice a construc\u0163iei, p\u00e2n\u0103 la constituire,certificatul se p\u0103streaz\u0103 de c\u0103tre proprietar.<br \/>\nPentru categoriile de cl\u0103diri care se construiesc, certificatul se elaboreaz\u0103 prin grija investitorului\/ proprietarului \u015fi se cuprinde \u00een documenta\u0163ia pentru recep\u0163ia la terminarea lucr\u0103rilor. Efectuarea RECEP\u0162IEI f\u0103r\u0103 elaborarea Certificatului de performan\u0163\u0103 energetic\u0103, duce la <span style=\"text-decoration: underline;\">nulitatea recep\u0163iei<\/span><br \/>\nPentru categoriile de cl\u0103diri care se v\u00e2nd sau se \u00eenchiriaz\u0103, certificatul se elaboreaz\u0103 prin grija proprietarului \u015fi se prezint\u0103 la \u00eencheierea contractului de v\u00e2nzare-cump\u0103rare, respectiv a contractului de \u00eenchiriere.<br \/>\n<strong>LUCRARI REALIZATE:<\/strong><br \/>\n&#8211; Elaborare de certificate de performanta energetica pentru apartamente in blocuri existente<br \/>\n&#8211; Elaborare certificate de performanta energetic\u0103 pentru locuin\u0163e \u015fi cladiri publice \u00een urma consolidarii, refunctionalizarii si reabilitarii termice<\/p>\n<ul>\n<li>Studii Nzeb<\/li>\n<li>Studii SAER<\/li>\n<\/ul>\n<p style=\"text-align: justify;\">&#8211; Elaborare audit energetic \u015fi expertize energetice.<br \/>\n<strong>Toate lucrarile au fost comunicate si inregistrate, potrivit legii, la INCD URBAN INCERC.<\/strong><\/p>\n","protected":false},"excerpt":{"rendered":"<p>Mai \u00eenainte de a lua orice decizie \u00een sensul ini\u0163ierii unor demersuri privind ob\u0163inerea unui certificat de perfoman\u0163\u0103 energetic\u0103 sau a unui proiect de reabilitare termic\u0103, verifica\u0163i validitatea informa\u0163iilor \u00eempreun\u0103 cu un specialist, un auditor energetic atestat! ing. SCUTARU DOREL, auditor energetic pentru cl\u0103diri, grad profesional I, specialitatea constructii si instalatii, certificat de atestare seria &hellip;<\/p>\n","protected":false},"author":1,"featured_media":0,"parent":49,"menu_order":0,"comment_status":"closed","ping_status":"closed","template":"","meta":{"two_page_speed":[],"footnotes":""},"class_list":["post-2328","page","type-page","status-publish","hentry"],"yoast_head":"<!-- This site is optimized with the Yoast SEO plugin v21.3 - https:\/\/yoast.com\/wordpress\/plugins\/seo\/ -->\n<title>Expertize si audit energetic; Certificate de performan\u0163\u0103 energetic\u0103; Studii Nzeb; Studii SAER - Proiectare Constructii Civile - Expertize si audit energetic<\/title>\n<meta name=\"robots\" content=\"index, follow, max-snippet:-1, max-image-preview:large, max-video-preview:-1\" \/>\n<link rel=\"canonical\" href=\"https:\/\/structuralcad.ro\/?page_id=2328\" \/>\n<meta property=\"og:locale\" content=\"ro_RO\" \/>\n<meta property=\"og:type\" content=\"article\" \/>\n<meta property=\"og:title\" content=\"Expertize si audit energetic; Certificate de performan\u0163\u0103 energetic\u0103; Studii Nzeb; Studii SAER - Proiectare Constructii Civile - Expertize si audit energetic\" \/>\n<meta property=\"og:description\" content=\"Mai \u00eenainte de a lua orice decizie \u00een sensul ini\u0163ierii unor demersuri privind ob\u0163inerea unui certificat de perfoman\u0163\u0103 energetic\u0103 sau a unui proiect de reabilitare termic\u0103, verifica\u0163i validitatea informa\u0163iilor \u00eempreun\u0103 cu un specialist, un auditor energetic atestat! ing. SCUTARU DOREL, auditor energetic pentru cl\u0103diri, grad profesional I, specialitatea constructii si instalatii, certificat de atestare seria &hellip;\" \/>\n<meta property=\"og:url\" content=\"https:\/\/structuralcad.ro\/?page_id=2328\" \/>\n<meta property=\"og:site_name\" content=\"Proiectare Constructii Civile - Expertize si audit energetic\" \/>\n<meta property=\"article:modified_time\" content=\"2023-10-07T09:52:05+00:00\" \/>\n<meta property=\"og:image\" content=\"http:\/\/structuralcad.ro\/wp-content\/uploads\/2015\/02\/images-5.jpg\" \/>\n<meta name=\"twitter:card\" content=\"summary_large_image\" \/>\n<meta name=\"twitter:label1\" content=\"Timp estimat pentru citire\" \/>\n\t<meta name=\"twitter:data1\" content=\"2 minute\" \/>\n<script type=\"application\/ld+json\" class=\"yoast-schema-graph\">{\"@context\":\"https:\/\/schema.org\",\"@graph\":[{\"@type\":\"WebPage\",\"@id\":\"https:\/\/structuralcad.ro\/?page_id=2328\",\"url\":\"https:\/\/structuralcad.ro\/?page_id=2328\",\"name\":\"Expertize si audit energetic; Certificate de performan\u0163\u0103 energetic\u0103; Studii Nzeb; Studii SAER - Proiectare Constructii Civile - Expertize si audit energetic\",\"isPartOf\":{\"@id\":\"https:\/\/structuralcad.ro\/#website\"},\"datePublished\":\"2015-02-03T15:41:38+00:00\",\"dateModified\":\"2023-10-07T09:52:05+00:00\",\"breadcrumb\":{\"@id\":\"https:\/\/structuralcad.ro\/?page_id=2328#breadcrumb\"},\"inLanguage\":\"ro-RO\",\"potentialAction\":[{\"@type\":\"ReadAction\",\"target\":[\"https:\/\/structuralcad.ro\/?page_id=2328\"]}]},{\"@type\":\"BreadcrumbList\",\"@id\":\"https:\/\/structuralcad.ro\/?page_id=2328#breadcrumb\",\"itemListElement\":[{\"@type\":\"ListItem\",\"position\":1,\"name\":\"Prima pagin\u0103\",\"item\":\"https:\/\/structuralcad.ro\/\"},{\"@type\":\"ListItem\",\"position\":2,\"name\":\"Servicii Oferite\",\"item\":\"http:\/\/structuralcad.ro\/?page_id=49\"},{\"@type\":\"ListItem\",\"position\":3,\"name\":\"Expertize si audit energetic; Certificate de performan\u0163\u0103 energetic\u0103; Studii Nzeb; Studii SAER\"}]},{\"@type\":\"WebSite\",\"@id\":\"https:\/\/structuralcad.ro\/#website\",\"url\":\"https:\/\/structuralcad.ro\/\",\"name\":\"STRUCTURAL CAD\",\"description\":\"Proiectare Constructii Civile - Expertize si audit energetic\",\"publisher\":{\"@id\":\"https:\/\/structuralcad.ro\/#organization\"},\"potentialAction\":[{\"@type\":\"SearchAction\",\"target\":{\"@type\":\"EntryPoint\",\"urlTemplate\":\"https:\/\/structuralcad.ro\/?s={search_term_string}\"},\"query-input\":\"required name=search_term_string\"}],\"inLanguage\":\"ro-RO\"},{\"@type\":\"Organization\",\"@id\":\"https:\/\/structuralcad.ro\/#organization\",\"name\":\"Proiectare Constructii Civile - Certificate performanta energetica; Expertize si audit energetic\",\"url\":\"https:\/\/structuralcad.ro\/\",\"logo\":{\"@type\":\"ImageObject\",\"inLanguage\":\"ro-RO\",\"@id\":\"https:\/\/structuralcad.ro\/#\/schema\/logo\/image\/\",\"url\":\"https:\/\/structuralcad.ro\/wp-content\/uploads\/2015\/02\/STRUCTURAL-CAD.jpg\",\"contentUrl\":\"https:\/\/structuralcad.ro\/wp-content\/uploads\/2015\/02\/STRUCTURAL-CAD.jpg\",\"width\":172,\"height\":116,\"caption\":\"Proiectare Constructii Civile - Certificate performanta energetica; Expertize si audit energetic\"},\"image\":{\"@id\":\"https:\/\/structuralcad.ro\/#\/schema\/logo\/image\/\"}}]}<\/script>\n<!-- \/ Yoast SEO plugin. -->","yoast_head_json":{"title":"Expertize si audit energetic; Certificate de performan\u0163\u0103 energetic\u0103; Studii Nzeb; Studii SAER - Proiectare Constructii Civile - Expertize si audit energetic","robots":{"index":"index","follow":"follow","max-snippet":"max-snippet:-1","max-image-preview":"max-image-preview:large","max-video-preview":"max-video-preview:-1"},"canonical":"https:\/\/structuralcad.ro\/?page_id=2328","og_locale":"ro_RO","og_type":"article","og_title":"Expertize si audit energetic; Certificate de performan\u0163\u0103 energetic\u0103; Studii Nzeb; Studii SAER - Proiectare Constructii Civile - Expertize si audit energetic","og_description":"Mai \u00eenainte de a lua orice decizie \u00een sensul ini\u0163ierii unor demersuri privind ob\u0163inerea unui certificat de perfoman\u0163\u0103 energetic\u0103 sau a unui proiect de reabilitare termic\u0103, verifica\u0163i validitatea informa\u0163iilor \u00eempreun\u0103 cu un specialist, un auditor energetic atestat! ing. SCUTARU DOREL, auditor energetic pentru cl\u0103diri, grad profesional I, specialitatea constructii si instalatii, certificat de atestare seria &hellip;","og_url":"https:\/\/structuralcad.ro\/?page_id=2328","og_site_name":"Proiectare Constructii Civile - Expertize si audit energetic","article_modified_time":"2023-10-07T09:52:05+00:00","og_image":[{"url":"http:\/\/structuralcad.ro\/wp-content\/uploads\/2015\/02\/images-5.jpg"}],"twitter_card":"summary_large_image","twitter_misc":{"Timp estimat pentru citire":"2 minute"},"schema":{"@context":"https:\/\/schema.org","@graph":[{"@type":"WebPage","@id":"https:\/\/structuralcad.ro\/?page_id=2328","url":"https:\/\/structuralcad.ro\/?page_id=2328","name":"Expertize si audit energetic; Certificate de performan\u0163\u0103 energetic\u0103; Studii Nzeb; Studii SAER - Proiectare Constructii Civile - Expertize si audit energetic","isPartOf":{"@id":"https:\/\/structuralcad.ro\/#website"},"datePublished":"2015-02-03T15:41:38+00:00","dateModified":"2023-10-07T09:52:05+00:00","breadcrumb":{"@id":"https:\/\/structuralcad.ro\/?page_id=2328#breadcrumb"},"inLanguage":"ro-RO","potentialAction":[{"@type":"ReadAction","target":["https:\/\/structuralcad.ro\/?page_id=2328"]}]},{"@type":"BreadcrumbList","@id":"https:\/\/structuralcad.ro\/?page_id=2328#breadcrumb","itemListElement":[{"@type":"ListItem","position":1,"name":"Prima pagin\u0103","item":"https:\/\/structuralcad.ro\/"},{"@type":"ListItem","position":2,"name":"Servicii Oferite","item":"http:\/\/structuralcad.ro\/?page_id=49"},{"@type":"ListItem","position":3,"name":"Expertize si audit energetic; Certificate de performan\u0163\u0103 energetic\u0103; Studii Nzeb; Studii SAER"}]},{"@type":"WebSite","@id":"https:\/\/structuralcad.ro\/#website","url":"https:\/\/structuralcad.ro\/","name":"STRUCTURAL CAD","description":"Proiectare Constructii Civile - Expertize si audit energetic","publisher":{"@id":"https:\/\/structuralcad.ro\/#organization"},"potentialAction":[{"@type":"SearchAction","target":{"@type":"EntryPoint","urlTemplate":"https:\/\/structuralcad.ro\/?s={search_term_string}"},"query-input":"required name=search_term_string"}],"inLanguage":"ro-RO"},{"@type":"Organization","@id":"https:\/\/structuralcad.ro\/#organization","name":"Proiectare Constructii Civile - Certificate performanta energetica; Expertize si audit energetic","url":"https:\/\/structuralcad.ro\/","logo":{"@type":"ImageObject","inLanguage":"ro-RO","@id":"https:\/\/structuralcad.ro\/#\/schema\/logo\/image\/","url":"https:\/\/structuralcad.ro\/wp-content\/uploads\/2015\/02\/STRUCTURAL-CAD.jpg","contentUrl":"https:\/\/structuralcad.ro\/wp-content\/uploads\/2015\/02\/STRUCTURAL-CAD.jpg","width":172,"height":116,"caption":"Proiectare Constructii Civile - Certificate performanta energetica; Expertize si audit energetic"},"image":{"@id":"https:\/\/structuralcad.ro\/#\/schema\/logo\/image\/"}}]}},"_links":{"self":[{"href":"http:\/\/structuralcad.ro\/index.php?rest_route=\/wp\/v2\/pages\/2328","targetHints":{"allow":["GET"]}}],"collection":[{"href":"http:\/\/structuralcad.ro\/index.php?rest_route=\/wp\/v2\/pages"}],"about":[{"href":"http:\/\/structuralcad.ro\/index.php?rest_route=\/wp\/v2\/types\/page"}],"author":[{"embeddable":true,"href":"http:\/\/structuralcad.ro\/index.php?rest_route=\/wp\/v2\/users\/1"}],"replies":[{"embeddable":true,"href":"http:\/\/structuralcad.ro\/index.php?rest_route=%2Fwp%2Fv2%2Fcomments&post=2328"}],"version-history":[{"count":14,"href":"http:\/\/structuralcad.ro\/index.php?rest_route=\/wp\/v2\/pages\/2328\/revisions"}],"predecessor-version":[{"id":3570,"href":"http:\/\/structuralcad.ro\/index.php?rest_route=\/wp\/v2\/pages\/2328\/revisions\/3570"}],"up":[{"embeddable":true,"href":"http:\/\/structuralcad.ro\/index.php?rest_route=\/wp\/v2\/pages\/49"}],"wp:attachment":[{"href":"http:\/\/structuralcad.ro\/index.php?rest_route=%2Fwp%2Fv2%2Fmedia&parent=2328"}],"curies":[{"name":"wp","href":"https:\/\/api.w.org\/{rel}","templated":true}]}}