{"id":2324,"date":"2015-02-03T15:40:54","date_gmt":"2015-02-03T15:40:54","guid":{"rendered":"http:\/\/pixelmarketing.ro\/demo\/structuralcad\/?page_id=2324"},"modified":"2017-01-15T17:35:44","modified_gmt":"2017-01-15T17:35:44","slug":"proiectare-si-urbanism","status":"publish","type":"page","link":"http:\/\/structuralcad.ro\/?page_id=2324","title":{"rendered":"Proiectare construc\u0163ii si urbanism"},"content":{"rendered":"<p style=\"text-align: left;\"><a href=\"http:\/\/structuralcad.ro\/wp-content\/uploads\/2015\/02\/images.jpg\"><img loading=\"lazy\" decoding=\"async\" class=\"alignnone  wp-image-2409\" src=\"http:\/\/structuralcad.ro\/wp-content\/uploads\/2015\/02\/images.jpg\" alt=\"images\" width=\"225\" height=\"225\" \/><\/a><\/p>\n<p style=\"text-align: justify;\"><em><strong>Proiectarea construc\u0163iei<\/strong><\/em> reprezint\u0103 o faz\u0103 foarte important\u0103 \u00een realizarea unei cl\u0103diri, deoarece dicteaz\u0103 siguran\u0163a \u00een exploatare, estetica, func\u0163ionalitatea \u015fi durabilitatea, precum \u015fi costurile finale ale acesteia. Totu\u015fi, costul proiect\u0103rii variaz\u0103 \u00eentre 3 \u015fi 6% din pre\u0163ul total al investi\u0163iei. Prin urmare, alegerea unei asisten\u0163e tehnice profesioniste este vital\u0103 pentru asigurarea calit\u0103\u0163ii construc\u0163iei.<\/p>\n<p>Compania <strong>STRUCTURAL CAD<\/strong> ofer\u0103 servicii profesionale complete \u00een domeniul construc\u0163iilor civile, industriale \u015fi agricole.<\/p>\n<p style=\"text-align: justify;\"><em><b>Aspecte de natura legala.<\/b> <\/em>Pentru inceperea construirii unei cladiri este necesara detinerea autoriz\u0163iei de construire. Aceasta se elibereaza de catre primaria pe raza careia este incadrat terenul ales si se obtine pe baza documentatiei tehnice pentru obtinerea autorizatie de construire (DTAC) a diverselor avize\u00a0si a actului de proprietete. DTAC este elaborata de catre un grup de proiectanti de diferite specializarii (<b>arhitectura, rezistenta, instalatii<\/b>). Realizarea constructiei fara autorizatie conduce la imposibilitatea intabularii acesteia in cartea funciara, amenzi consistente si la necesitatea expertizarii si reproiectarii aceasteia. Consturile acestora din urma depasec cu mult costul unui proiect obisnuit, iar in caz ca se constanta abateri majore se poate impune demolarea constructiei existente. De asemenea pe langa DTAC executia lucrarilor nu se poate face in lipsa proiectului tehnic (Pth), a documentatiei tehnice \u015fi a detaliilor de execu\u0163ie\u00a0(DTDE). Aceasta este realizata de catre <b>proiectantul structurist<\/b> (de rezistenta) si lipsa acesteia poate conduce masuri similare ca in cazul lipsei autorizatiei de construire.<\/p>\n<p style=\"text-align: justify;\"><em><b>Aspecte legate de calitatea si eficenta economica a constructiei.<\/b><\/em> Prin contractarea unor proiectanti de specialitate cu cunostinte tehnice in domeniu creste siguranta in exploatare a cladirii si se reduce riscul de aparitiei a unor deteriorari ce pot aparea dupa finalizarea acesteia. Aceste degradari pot conduce la pagube materiale importante deoarece de regula afecteaza irevesibil finisajele, instalatiile si alte bunuri. De asemnea prin realizarea unui proiect complet premargator demararii lucrarilor se cunosc de la incept cantitatile de materiale si necesarul de lucrari si prin urmare avem o estimare exacta a costului final al investitiei. Astfel se evita cheltuieli aditionale cauzate de pretentii nejustificate din partea constructorului.<\/p>\n<p style=\"text-align: justify;\"><strong>Proiectele de consolidare ale constructiilor<\/strong> prezinta de regula un grad de complexitate mai ridicat decat in cazul realizarii unor structuri noi de amploare similara. Este necesara astfel introducerea unor etape suplimentarea in procesele de autorizare, proiectare si executie precum si adoptarea unor solutii tehnice particulare pentru aceste tipuri de lucrari. In functie de perioada in care a fost realizata,de valoarea istorica si culturala a cladirii se pot impune conditii de prezervare sau restaurare completa al unor anumite elemente (fatade, scari etc.). De asemenea este necesara obtinerea unor avize si acorduri suplimentare fata de cazul cladirilor noi realizate (ministerul culturii, comisia de monumente).<br \/>\nInainte de inceperea proiectarii si determinarii solutilor tehnice este necesara efectuarea unor studii si expertize. Acestea sunt efectuate de catre experti tehnici atestati care vor analiza starea de degradare a structurii si a materialelor componente pe baza probelor prelevate, a stadiului de cunoastere in domeniu din perioada realizarii constructiei si eventual a planurilor initiale daca aceste mai exista. Pe baza informatiilor astfel obtinute se verifica modul in care structura corespunde reglementarilor tehnice in vigoare in noile conditii de exploatare si se detrmina astfel masurile ce trebuie luate pentru consolidarea acesteia.<\/p>\n","protected":false},"excerpt":{"rendered":"<p>Proiectarea construc\u0163iei reprezint\u0103 o faz\u0103 foarte important\u0103 \u00een realizarea unei cl\u0103diri, deoarece dicteaz\u0103 siguran\u0163a \u00een exploatare, estetica, func\u0163ionalitatea \u015fi durabilitatea, precum \u015fi costurile finale ale acesteia. Totu\u015fi, costul proiect\u0103rii variaz\u0103 \u00eentre 3 \u015fi 6% din pre\u0163ul total al investi\u0163iei. Prin urmare, alegerea unei asisten\u0163e tehnice profesioniste este vital\u0103 pentru asigurarea calit\u0103\u0163ii construc\u0163iei. Compania STRUCTURAL CAD &hellip;<\/p>\n","protected":false},"author":1,"featured_media":0,"parent":49,"menu_order":0,"comment_status":"closed","ping_status":"closed","template":"","meta":{"two_page_speed":[],"footnotes":""},"class_list":["post-2324","page","type-page","status-publish","hentry"],"yoast_head":"<!-- This site is optimized with the Yoast SEO plugin v21.3 - https:\/\/yoast.com\/wordpress\/plugins\/seo\/ -->\n<title>Proiectare construc\u0163ii si urbanism - Proiectare Constructii Civile - Expertize si audit energetic<\/title>\n<meta name=\"robots\" content=\"index, follow, max-snippet:-1, max-image-preview:large, max-video-preview:-1\" \/>\n<link rel=\"canonical\" href=\"http:\/\/structuralcad.ro\/?page_id=2324\" \/>\n<meta property=\"og:locale\" content=\"ro_RO\" \/>\n<meta property=\"og:type\" content=\"article\" \/>\n<meta property=\"og:title\" content=\"Proiectare construc\u0163ii si urbanism - Proiectare Constructii Civile - Expertize si audit energetic\" \/>\n<meta property=\"og:description\" content=\"Proiectarea construc\u0163iei reprezint\u0103 o faz\u0103 foarte important\u0103 \u00een realizarea unei cl\u0103diri, deoarece dicteaz\u0103 siguran\u0163a \u00een exploatare, estetica, func\u0163ionalitatea \u015fi durabilitatea, precum \u015fi costurile finale ale acesteia. Totu\u015fi, costul proiect\u0103rii variaz\u0103 \u00eentre 3 \u015fi 6% din pre\u0163ul total al investi\u0163iei. Prin urmare, alegerea unei asisten\u0163e tehnice profesioniste este vital\u0103 pentru asigurarea calit\u0103\u0163ii construc\u0163iei. Compania STRUCTURAL CAD &hellip;\" \/>\n<meta property=\"og:url\" content=\"http:\/\/structuralcad.ro\/?page_id=2324\" \/>\n<meta property=\"og:site_name\" content=\"Proiectare Constructii Civile - Expertize si audit energetic\" \/>\n<meta property=\"article:modified_time\" content=\"2017-01-15T17:35:44+00:00\" \/>\n<meta property=\"og:image\" content=\"http:\/\/structuralcad.ro\/wp-content\/uploads\/2015\/02\/images.jpg\" \/>\n<meta name=\"twitter:card\" content=\"summary_large_image\" \/>\n<meta name=\"twitter:label1\" content=\"Timp estimat pentru citire\" \/>\n\t<meta name=\"twitter:data1\" content=\"3 minute\" \/>\n<script type=\"application\/ld+json\" class=\"yoast-schema-graph\">{\"@context\":\"https:\/\/schema.org\",\"@graph\":[{\"@type\":\"WebPage\",\"@id\":\"http:\/\/structuralcad.ro\/?page_id=2324\",\"url\":\"http:\/\/structuralcad.ro\/?page_id=2324\",\"name\":\"Proiectare construc\u0163ii si urbanism - Proiectare Constructii Civile - Expertize si audit energetic\",\"isPartOf\":{\"@id\":\"https:\/\/structuralcad.ro\/#website\"},\"datePublished\":\"2015-02-03T15:40:54+00:00\",\"dateModified\":\"2017-01-15T17:35:44+00:00\",\"breadcrumb\":{\"@id\":\"http:\/\/structuralcad.ro\/?page_id=2324#breadcrumb\"},\"inLanguage\":\"ro-RO\",\"potentialAction\":[{\"@type\":\"ReadAction\",\"target\":[\"http:\/\/structuralcad.ro\/?page_id=2324\"]}]},{\"@type\":\"BreadcrumbList\",\"@id\":\"http:\/\/structuralcad.ro\/?page_id=2324#breadcrumb\",\"itemListElement\":[{\"@type\":\"ListItem\",\"position\":1,\"name\":\"Prima pagin\u0103\",\"item\":\"https:\/\/structuralcad.ro\/\"},{\"@type\":\"ListItem\",\"position\":2,\"name\":\"Servicii Oferite\",\"item\":\"http:\/\/structuralcad.ro\/?page_id=49\"},{\"@type\":\"ListItem\",\"position\":3,\"name\":\"Proiectare construc\u0163ii si urbanism\"}]},{\"@type\":\"WebSite\",\"@id\":\"https:\/\/structuralcad.ro\/#website\",\"url\":\"https:\/\/structuralcad.ro\/\",\"name\":\"STRUCTURAL CAD\",\"description\":\"Proiectare Constructii Civile - Expertize si audit energetic\",\"publisher\":{\"@id\":\"https:\/\/structuralcad.ro\/#organization\"},\"potentialAction\":[{\"@type\":\"SearchAction\",\"target\":{\"@type\":\"EntryPoint\",\"urlTemplate\":\"https:\/\/structuralcad.ro\/?s={search_term_string}\"},\"query-input\":\"required name=search_term_string\"}],\"inLanguage\":\"ro-RO\"},{\"@type\":\"Organization\",\"@id\":\"https:\/\/structuralcad.ro\/#organization\",\"name\":\"Proiectare Constructii Civile - Certificate performanta energetica; Expertize si audit energetic\",\"url\":\"https:\/\/structuralcad.ro\/\",\"logo\":{\"@type\":\"ImageObject\",\"inLanguage\":\"ro-RO\",\"@id\":\"https:\/\/structuralcad.ro\/#\/schema\/logo\/image\/\",\"url\":\"https:\/\/structuralcad.ro\/wp-content\/uploads\/2015\/02\/STRUCTURAL-CAD.jpg\",\"contentUrl\":\"https:\/\/structuralcad.ro\/wp-content\/uploads\/2015\/02\/STRUCTURAL-CAD.jpg\",\"width\":172,\"height\":116,\"caption\":\"Proiectare Constructii Civile - Certificate performanta energetica; Expertize si audit energetic\"},\"image\":{\"@id\":\"https:\/\/structuralcad.ro\/#\/schema\/logo\/image\/\"}}]}<\/script>\n<!-- \/ Yoast SEO plugin. -->","yoast_head_json":{"title":"Proiectare construc\u0163ii si urbanism - Proiectare Constructii Civile - Expertize si audit energetic","robots":{"index":"index","follow":"follow","max-snippet":"max-snippet:-1","max-image-preview":"max-image-preview:large","max-video-preview":"max-video-preview:-1"},"canonical":"http:\/\/structuralcad.ro\/?page_id=2324","og_locale":"ro_RO","og_type":"article","og_title":"Proiectare construc\u0163ii si urbanism - Proiectare Constructii Civile - Expertize si audit energetic","og_description":"Proiectarea construc\u0163iei reprezint\u0103 o faz\u0103 foarte important\u0103 \u00een realizarea unei cl\u0103diri, deoarece dicteaz\u0103 siguran\u0163a \u00een exploatare, estetica, func\u0163ionalitatea \u015fi durabilitatea, precum \u015fi costurile finale ale acesteia. Totu\u015fi, costul proiect\u0103rii variaz\u0103 \u00eentre 3 \u015fi 6% din pre\u0163ul total al investi\u0163iei. Prin urmare, alegerea unei asisten\u0163e tehnice profesioniste este vital\u0103 pentru asigurarea calit\u0103\u0163ii construc\u0163iei. Compania STRUCTURAL CAD &hellip;","og_url":"http:\/\/structuralcad.ro\/?page_id=2324","og_site_name":"Proiectare Constructii Civile - Expertize si audit energetic","article_modified_time":"2017-01-15T17:35:44+00:00","og_image":[{"url":"http:\/\/structuralcad.ro\/wp-content\/uploads\/2015\/02\/images.jpg"}],"twitter_card":"summary_large_image","twitter_misc":{"Timp estimat pentru citire":"3 minute"},"schema":{"@context":"https:\/\/schema.org","@graph":[{"@type":"WebPage","@id":"http:\/\/structuralcad.ro\/?page_id=2324","url":"http:\/\/structuralcad.ro\/?page_id=2324","name":"Proiectare construc\u0163ii si urbanism - Proiectare Constructii Civile - Expertize si audit energetic","isPartOf":{"@id":"https:\/\/structuralcad.ro\/#website"},"datePublished":"2015-02-03T15:40:54+00:00","dateModified":"2017-01-15T17:35:44+00:00","breadcrumb":{"@id":"http:\/\/structuralcad.ro\/?page_id=2324#breadcrumb"},"inLanguage":"ro-RO","potentialAction":[{"@type":"ReadAction","target":["http:\/\/structuralcad.ro\/?page_id=2324"]}]},{"@type":"BreadcrumbList","@id":"http:\/\/structuralcad.ro\/?page_id=2324#breadcrumb","itemListElement":[{"@type":"ListItem","position":1,"name":"Prima pagin\u0103","item":"https:\/\/structuralcad.ro\/"},{"@type":"ListItem","position":2,"name":"Servicii Oferite","item":"http:\/\/structuralcad.ro\/?page_id=49"},{"@type":"ListItem","position":3,"name":"Proiectare construc\u0163ii si urbanism"}]},{"@type":"WebSite","@id":"https:\/\/structuralcad.ro\/#website","url":"https:\/\/structuralcad.ro\/","name":"STRUCTURAL CAD","description":"Proiectare Constructii Civile - Expertize si audit energetic","publisher":{"@id":"https:\/\/structuralcad.ro\/#organization"},"potentialAction":[{"@type":"SearchAction","target":{"@type":"EntryPoint","urlTemplate":"https:\/\/structuralcad.ro\/?s={search_term_string}"},"query-input":"required name=search_term_string"}],"inLanguage":"ro-RO"},{"@type":"Organization","@id":"https:\/\/structuralcad.ro\/#organization","name":"Proiectare Constructii Civile - Certificate performanta energetica; Expertize si audit energetic","url":"https:\/\/structuralcad.ro\/","logo":{"@type":"ImageObject","inLanguage":"ro-RO","@id":"https:\/\/structuralcad.ro\/#\/schema\/logo\/image\/","url":"https:\/\/structuralcad.ro\/wp-content\/uploads\/2015\/02\/STRUCTURAL-CAD.jpg","contentUrl":"https:\/\/structuralcad.ro\/wp-content\/uploads\/2015\/02\/STRUCTURAL-CAD.jpg","width":172,"height":116,"caption":"Proiectare Constructii Civile - Certificate performanta energetica; Expertize si audit energetic"},"image":{"@id":"https:\/\/structuralcad.ro\/#\/schema\/logo\/image\/"}}]}},"_links":{"self":[{"href":"http:\/\/structuralcad.ro\/index.php?rest_route=\/wp\/v2\/pages\/2324","targetHints":{"allow":["GET"]}}],"collection":[{"href":"http:\/\/structuralcad.ro\/index.php?rest_route=\/wp\/v2\/pages"}],"about":[{"href":"http:\/\/structuralcad.ro\/index.php?rest_route=\/wp\/v2\/types\/page"}],"author":[{"embeddable":true,"href":"http:\/\/structuralcad.ro\/index.php?rest_route=\/wp\/v2\/users\/1"}],"replies":[{"embeddable":true,"href":"http:\/\/structuralcad.ro\/index.php?rest_route=%2Fwp%2Fv2%2Fcomments&post=2324"}],"version-history":[{"count":10,"href":"http:\/\/structuralcad.ro\/index.php?rest_route=\/wp\/v2\/pages\/2324\/revisions"}],"predecessor-version":[{"id":2729,"href":"http:\/\/structuralcad.ro\/index.php?rest_route=\/wp\/v2\/pages\/2324\/revisions\/2729"}],"up":[{"embeddable":true,"href":"http:\/\/structuralcad.ro\/index.php?rest_route=\/wp\/v2\/pages\/49"}],"wp:attachment":[{"href":"http:\/\/structuralcad.ro\/index.php?rest_route=%2Fwp%2Fv2%2Fmedia&parent=2324"}],"curies":[{"name":"wp","href":"https:\/\/api.w.org\/{rel}","templated":true}]}}