{"id":171,"date":"2014-10-24T11:30:58","date_gmt":"2014-10-24T11:30:58","guid":{"rendered":"http:\/\/demo.proteusthemes.com\/buildpress\/?page_id=171"},"modified":"2015-02-18T10:09:35","modified_gmt":"2015-02-18T10:09:35","slug":"about-us","status":"publish","type":"page","link":"http:\/\/structuralcad.ro\/?page_id=171","title":{"rendered":"Despre Noi"},"content":{"rendered":"<div id=\"pl-171\"  class=\"panel-layout\" ><div id=\"pg-171-0\"  class=\"panel-grid panel-no-style\" ><div id=\"pgc-171-0-0\"  class=\"panel-grid-cell\" ><div id=\"panel-171-0-0-0\" class=\"so-panel widget widget_black-studio-tinymce widget_black_studio_tinymce panel-first-child panel-last-child\" data-index=\"0\" ><div class=\"textwidget\"><p style=\"text-align: justify;\">Suntem o echip\u0103 format\u0103 din speciali\u015fti \u00een arhitectur\u0103, structur\u0103, instala\u0163ii, \u015fi nu \u00een ultimul r\u00e2nd design \u015fi economia de energie. Echipa STRUCTURAL CAD\u00a0\u00eembin\u0103 perfect spiritul t\u00e2n\u0103r, muncitor \u015fi vizionar al membrilor fondatori cu experien\u0163\u0103 \u00een execu\u0163ie \u015fi proiectare a colaboratorilor no\u015ftri.<\/p>\n<p style=\"text-align: justify;\">Fiecare proiect este privit de c\u0103tre noi ca fiind unic \u015fi \u00een cadrul lui respect\u0103m \u00a05 direc\u0163ii principale: calitatea arhitectural\u0103 \u015fi tehnic\u0103, flexibilitatea \u00een solu\u0163ii arhitecturale \u015fi constructive, adaptarea la cerin\u0163ele clientului, operativitate \u015fi alocarea inteligent\u0103 a resurselor.<\/p>\n<p style=\"text-align: justify;\">Ascult\u0103m cu aten\u0163ie, rezolv\u0103m pragmatic \u015fi proiect\u0103m creativ, construind ideile \u015fi a\u015ftept\u0103rile beneficiarilor \u00een realitate.<\/p>\n<\/div><\/div><\/div><div id=\"pgc-171-0-1\"  class=\"panel-grid-cell\" ><div id=\"panel-171-0-1-0\" class=\"so-panel widget widget_black-studio-tinymce widget_black_studio_tinymce panel-first-child panel-last-child\" data-index=\"1\" ><div class=\"textwidget\"><p><a href=\"http:\/\/structuralcad.ro\/wp-content\/uploads\/2014\/10\/download.jpg\"><img loading=\"lazy\" decoding=\"async\" class=\"alignnone  wp-image-2419\" src=\"http:\/\/structuralcad.ro\/wp-content\/uploads\/2014\/10\/download.jpg\" alt=\"download\" width=\"422\" height=\"281\" srcset=\"http:\/\/structuralcad.ro\/wp-content\/uploads\/2014\/10\/download.jpg 275w, http:\/\/structuralcad.ro\/wp-content\/uploads\/2014\/10\/download-272x182.jpg 272w\" sizes=\"auto, (max-width: 422px) 100vw, 422px\" \/><\/a><\/p>\n<\/div><\/div><\/div><\/div><\/div>","protected":false},"excerpt":{"rendered":"<p>Suntem o echip\u0103 format\u0103 din speciali\u015fti \u00een arhitectur\u0103, structur\u0103, instala\u0163ii, \u015fi nu \u00een ultimul r\u00e2nd design \u015fi economia de energie. Echipa STRUCTURAL CAD\u00a0\u00eembin\u0103 perfect spiritul t\u00e2n\u0103r, muncitor \u015fi vizionar al membrilor fondatori cu experien\u0163\u0103 \u00een execu\u0163ie \u015fi proiectare a colaboratorilor no\u015ftri.Fiecare proiect este privit de c\u0103tre noi ca fiind unic \u015fi \u00een cadrul lui respect\u0103m &hellip;<\/p>\n","protected":false},"author":1,"featured_media":0,"parent":0,"menu_order":0,"comment_status":"closed","ping_status":"closed","template":"","meta":{"two_page_speed":[],"footnotes":""},"class_list":["post-171","page","type-page","status-publish","hentry"],"yoast_head":"<!-- This site is optimized with the Yoast SEO plugin v21.3 - https:\/\/yoast.com\/wordpress\/plugins\/seo\/ -->\n<title>Despre Noi - Proiectare Constructii Civile - Expertize si audit energetic<\/title>\n<meta name=\"robots\" content=\"index, follow, max-snippet:-1, max-image-preview:large, max-video-preview:-1\" \/>\n<link rel=\"canonical\" href=\"https:\/\/structuralcad.ro\/?page_id=171\" \/>\n<meta property=\"og:locale\" content=\"ro_RO\" \/>\n<meta property=\"og:type\" content=\"article\" \/>\n<meta property=\"og:title\" content=\"Despre Noi - Proiectare Constructii Civile - Expertize si audit energetic\" \/>\n<meta property=\"og:description\" content=\"Suntem o echip\u0103 format\u0103 din speciali\u015fti \u00een arhitectur\u0103, structur\u0103, instala\u0163ii, \u015fi nu \u00een ultimul r\u00e2nd design \u015fi economia de energie. Echipa STRUCTURAL CAD\u00a0\u00eembin\u0103 perfect spiritul t\u00e2n\u0103r, muncitor \u015fi vizionar al membrilor fondatori cu experien\u0163\u0103 \u00een execu\u0163ie \u015fi proiectare a colaboratorilor no\u015ftri.Fiecare proiect este privit de c\u0103tre noi ca fiind unic \u015fi \u00een cadrul lui respect\u0103m &hellip;\" \/>\n<meta property=\"og:url\" content=\"https:\/\/structuralcad.ro\/?page_id=171\" \/>\n<meta property=\"og:site_name\" content=\"Proiectare Constructii Civile - Expertize si audit energetic\" \/>\n<meta property=\"article:modified_time\" content=\"2015-02-18T10:09:35+00:00\" \/>\n<meta property=\"og:image\" content=\"http:\/\/structuralcad.ro\/wp-content\/uploads\/2014\/10\/download.jpg\" \/>\n<meta name=\"twitter:card\" content=\"summary_large_image\" \/>\n<meta name=\"twitter:label1\" content=\"Timp estimat pentru citire\" \/>\n\t<meta name=\"twitter:data1\" content=\"1 minut\" \/>\n<script type=\"application\/ld+json\" class=\"yoast-schema-graph\">{\"@context\":\"https:\/\/schema.org\",\"@graph\":[{\"@type\":\"WebPage\",\"@id\":\"https:\/\/structuralcad.ro\/?page_id=171\",\"url\":\"https:\/\/structuralcad.ro\/?page_id=171\",\"name\":\"Despre Noi - Proiectare Constructii Civile - Expertize si audit energetic\",\"isPartOf\":{\"@id\":\"https:\/\/structuralcad.ro\/#website\"},\"datePublished\":\"2014-10-24T11:30:58+00:00\",\"dateModified\":\"2015-02-18T10:09:35+00:00\",\"breadcrumb\":{\"@id\":\"https:\/\/structuralcad.ro\/?page_id=171#breadcrumb\"},\"inLanguage\":\"ro-RO\",\"potentialAction\":[{\"@type\":\"ReadAction\",\"target\":[\"https:\/\/structuralcad.ro\/?page_id=171\"]}]},{\"@type\":\"BreadcrumbList\",\"@id\":\"https:\/\/structuralcad.ro\/?page_id=171#breadcrumb\",\"itemListElement\":[{\"@type\":\"ListItem\",\"position\":1,\"name\":\"Prima pagin\u0103\",\"item\":\"https:\/\/structuralcad.ro\/\"},{\"@type\":\"ListItem\",\"position\":2,\"name\":\"Despre Noi\"}]},{\"@type\":\"WebSite\",\"@id\":\"https:\/\/structuralcad.ro\/#website\",\"url\":\"https:\/\/structuralcad.ro\/\",\"name\":\"STRUCTURAL CAD\",\"description\":\"Proiectare Constructii Civile - Expertize si audit energetic\",\"publisher\":{\"@id\":\"https:\/\/structuralcad.ro\/#organization\"},\"potentialAction\":[{\"@type\":\"SearchAction\",\"target\":{\"@type\":\"EntryPoint\",\"urlTemplate\":\"https:\/\/structuralcad.ro\/?s={search_term_string}\"},\"query-input\":\"required name=search_term_string\"}],\"inLanguage\":\"ro-RO\"},{\"@type\":\"Organization\",\"@id\":\"https:\/\/structuralcad.ro\/#organization\",\"name\":\"Proiectare Constructii Civile - Certificate performanta energetica; Expertize si audit energetic\",\"url\":\"https:\/\/structuralcad.ro\/\",\"logo\":{\"@type\":\"ImageObject\",\"inLanguage\":\"ro-RO\",\"@id\":\"https:\/\/structuralcad.ro\/#\/schema\/logo\/image\/\",\"url\":\"https:\/\/structuralcad.ro\/wp-content\/uploads\/2015\/02\/STRUCTURAL-CAD.jpg\",\"contentUrl\":\"https:\/\/structuralcad.ro\/wp-content\/uploads\/2015\/02\/STRUCTURAL-CAD.jpg\",\"width\":172,\"height\":116,\"caption\":\"Proiectare Constructii Civile - Certificate performanta energetica; Expertize si audit energetic\"},\"image\":{\"@id\":\"https:\/\/structuralcad.ro\/#\/schema\/logo\/image\/\"}}]}<\/script>\n<!-- \/ Yoast SEO plugin. -->","yoast_head_json":{"title":"Despre Noi - Proiectare Constructii Civile - Expertize si audit energetic","robots":{"index":"index","follow":"follow","max-snippet":"max-snippet:-1","max-image-preview":"max-image-preview:large","max-video-preview":"max-video-preview:-1"},"canonical":"https:\/\/structuralcad.ro\/?page_id=171","og_locale":"ro_RO","og_type":"article","og_title":"Despre Noi - Proiectare Constructii Civile - Expertize si audit energetic","og_description":"Suntem o echip\u0103 format\u0103 din speciali\u015fti \u00een arhitectur\u0103, structur\u0103, instala\u0163ii, \u015fi nu \u00een ultimul r\u00e2nd design \u015fi economia de energie. Echipa STRUCTURAL CAD\u00a0\u00eembin\u0103 perfect spiritul t\u00e2n\u0103r, muncitor \u015fi vizionar al membrilor fondatori cu experien\u0163\u0103 \u00een execu\u0163ie \u015fi proiectare a colaboratorilor no\u015ftri.Fiecare proiect este privit de c\u0103tre noi ca fiind unic \u015fi \u00een cadrul lui respect\u0103m &hellip;","og_url":"https:\/\/structuralcad.ro\/?page_id=171","og_site_name":"Proiectare Constructii Civile - Expertize si audit energetic","article_modified_time":"2015-02-18T10:09:35+00:00","og_image":[{"url":"http:\/\/structuralcad.ro\/wp-content\/uploads\/2014\/10\/download.jpg"}],"twitter_card":"summary_large_image","twitter_misc":{"Timp estimat pentru citire":"1 minut"},"schema":{"@context":"https:\/\/schema.org","@graph":[{"@type":"WebPage","@id":"https:\/\/structuralcad.ro\/?page_id=171","url":"https:\/\/structuralcad.ro\/?page_id=171","name":"Despre Noi - Proiectare Constructii Civile - Expertize si audit energetic","isPartOf":{"@id":"https:\/\/structuralcad.ro\/#website"},"datePublished":"2014-10-24T11:30:58+00:00","dateModified":"2015-02-18T10:09:35+00:00","breadcrumb":{"@id":"https:\/\/structuralcad.ro\/?page_id=171#breadcrumb"},"inLanguage":"ro-RO","potentialAction":[{"@type":"ReadAction","target":["https:\/\/structuralcad.ro\/?page_id=171"]}]},{"@type":"BreadcrumbList","@id":"https:\/\/structuralcad.ro\/?page_id=171#breadcrumb","itemListElement":[{"@type":"ListItem","position":1,"name":"Prima pagin\u0103","item":"https:\/\/structuralcad.ro\/"},{"@type":"ListItem","position":2,"name":"Despre Noi"}]},{"@type":"WebSite","@id":"https:\/\/structuralcad.ro\/#website","url":"https:\/\/structuralcad.ro\/","name":"STRUCTURAL CAD","description":"Proiectare Constructii Civile - Expertize si audit energetic","publisher":{"@id":"https:\/\/structuralcad.ro\/#organization"},"potentialAction":[{"@type":"SearchAction","target":{"@type":"EntryPoint","urlTemplate":"https:\/\/structuralcad.ro\/?s={search_term_string}"},"query-input":"required name=search_term_string"}],"inLanguage":"ro-RO"},{"@type":"Organization","@id":"https:\/\/structuralcad.ro\/#organization","name":"Proiectare Constructii Civile - Certificate performanta energetica; Expertize si audit energetic","url":"https:\/\/structuralcad.ro\/","logo":{"@type":"ImageObject","inLanguage":"ro-RO","@id":"https:\/\/structuralcad.ro\/#\/schema\/logo\/image\/","url":"https:\/\/structuralcad.ro\/wp-content\/uploads\/2015\/02\/STRUCTURAL-CAD.jpg","contentUrl":"https:\/\/structuralcad.ro\/wp-content\/uploads\/2015\/02\/STRUCTURAL-CAD.jpg","width":172,"height":116,"caption":"Proiectare Constructii Civile - Certificate performanta energetica; Expertize si audit energetic"},"image":{"@id":"https:\/\/structuralcad.ro\/#\/schema\/logo\/image\/"}}]}},"_links":{"self":[{"href":"http:\/\/structuralcad.ro\/index.php?rest_route=\/wp\/v2\/pages\/171","targetHints":{"allow":["GET"]}}],"collection":[{"href":"http:\/\/structuralcad.ro\/index.php?rest_route=\/wp\/v2\/pages"}],"about":[{"href":"http:\/\/structuralcad.ro\/index.php?rest_route=\/wp\/v2\/types\/page"}],"author":[{"embeddable":true,"href":"http:\/\/structuralcad.ro\/index.php?rest_route=\/wp\/v2\/users\/1"}],"replies":[{"embeddable":true,"href":"http:\/\/structuralcad.ro\/index.php?rest_route=%2Fwp%2Fv2%2Fcomments&post=171"}],"version-history":[{"count":9,"href":"http:\/\/structuralcad.ro\/index.php?rest_route=\/wp\/v2\/pages\/171\/revisions"}],"predecessor-version":[{"id":2394,"href":"http:\/\/structuralcad.ro\/index.php?rest_route=\/wp\/v2\/pages\/171\/revisions\/2394"}],"wp:attachment":[{"href":"http:\/\/structuralcad.ro\/index.php?rest_route=%2Fwp%2Fv2%2Fmedia&parent=171"}],"curies":[{"name":"wp","href":"https:\/\/api.w.org\/{rel}","templated":true}]}}